{"id":117,"date":"2018-02-10T00:54:01","date_gmt":"2018-02-09T23:54:01","guid":{"rendered":"http:\/\/saint-remy-chevreuse-tt.fr\/?page_id=117"},"modified":"2018-02-19T00:12:13","modified_gmt":"2018-02-18T23:12:13","slug":"historique","status":"publish","type":"page","link":"https:\/\/saint-remy-chevreuse-tt.fr\/index.php\/historique\/","title":{"rendered":"Historique"},"content":{"rendered":"<div id=\"cc-m-5199937050\" class=\"j-module n j-text \">\n<div id=\"bloc-centrer\">\n<p>Le 1er juin 1977, <strong>Pierre VAILLAGOU<\/strong> cr\u00e9e une section Tennis de Table au sein du SRAC, association multisports de Saint-R\u00e9my-l\u00e8s-Chevreuse.<\/p>\n<p style=\"text-align: center;\"><span style=\"font-size: 18pt;\"><strong><span style=\"color: #000000;\">EN CONSTRUCTION !<\/span><\/strong><\/span><\/p>\n<\/div>\n<\/div>\n<div id=\"cc-m-5157995050\" class=\"j-module n j-hr \">\n<div class=\"hr\"><\/div>\n<\/div>\n","protected":false},"excerpt":{"rendered":"<p>Le 1er juin 1977, Pierre VAILLAGOU cr\u00e9e une section Tennis de Table au sein du SRAC, association multisports de Saint-R\u00e9my-l\u00e8s-Chevreuse. EN CONSTRUCTION !<\/p>\n","protected":false},"author":1,"featured_media":0,"parent":0,"menu_order":0,"comment_status":"closed","ping_status":"closed","template":"","meta":{"footnotes":""},"class_list":["post-117","page","type-page","status-publish","hentry"],"aioseo_notices":[],"jetpack_sharing_enabled":true,"jetpack_shortlink":"https:\/\/wp.me\/P9Eq5I-1T","jetpack_likes_enabled":false,"jetpack-related-posts":[],"post_mailing_queue_ids":[],"_links":{"self":[{"href":"https:\/\/saint-remy-chevreuse-tt.fr\/index.php\/wp-json\/wp\/v2\/pages\/117"}],"collection":[{"href":"https:\/\/saint-remy-chevreuse-tt.fr\/index.php\/wp-json\/wp\/v2\/pages"}],"about":[{"href":"https:\/\/saint-remy-chevreuse-tt.fr\/index.php\/wp-json\/wp\/v2\/types\/page"}],"author":[{"embeddable":true,"href":"https:\/\/saint-remy-chevreuse-tt.fr\/index.php\/wp-json\/wp\/v2\/users\/1"}],"replies":[{"embeddable":true,"href":"https:\/\/saint-remy-chevreuse-tt.fr\/index.php\/wp-json\/wp\/v2\/comments?post=117"}],"version-history":[{"count":2,"href":"https:\/\/saint-remy-chevreuse-tt.fr\/index.php\/wp-json\/wp\/v2\/pages\/117\/revisions"}],"predecessor-version":[{"id":715,"href":"https:\/\/saint-remy-chevreuse-tt.fr\/index.php\/wp-json\/wp\/v2\/pages\/117\/revisions\/715"}],"wp:attachment":[{"href":"https:\/\/saint-remy-chevreuse-tt.fr\/index.php\/wp-json\/wp\/v2\/media?parent=117"}],"curies":[{"name":"wp","href":"https:\/\/api.w.org\/{rel}","templated":true}]}}