{"id":1849,"date":"2019-02-27T19:31:46","date_gmt":"2019-02-27T18:31:46","guid":{"rendered":"http:\/\/saint-remy-chevreuse-tt.fr\/?page_id=1849"},"modified":"2019-03-21T00:10:47","modified_gmt":"2019-03-20T23:10:47","slug":"inscription-tournoi-2019","status":"publish","type":"page","link":"https:\/\/saint-remy-chevreuse-tt.fr\/index.php\/inscription-tournoi-2019\/","title":{"rendered":"Inscription Tournoi 2019"},"content":{"rendered":"\t\t<div data-elementor-type=\"wp-post\" data-elementor-id=\"1849\" class=\"elementor elementor-1849 elementor-bc-flex-widget\">\n\t\t\t\t\t\t<section class=\"elementor-section elementor-top-section elementor-element elementor-element-4686d93e elementor-section-boxed elementor-section-height-default elementor-section-height-default\" data-id=\"4686d93e\" data-element_type=\"section\">\n\t\t\t\t\t\t<div class=\"elementor-container elementor-column-gap-default\">\n\t\t\t\t\t<div class=\"elementor-column elementor-col-100 elementor-top-column elementor-element elementor-element-10f1d4f1\" data-id=\"10f1d4f1\" data-element_type=\"column\">\n\t\t\t<div class=\"elementor-widget-wrap elementor-element-populated\">\n\t\t\t\t\t\t<div class=\"elementor-element elementor-element-134bed08 elementor-invisible elementor-widget elementor-widget-text-editor\" data-id=\"134bed08\" data-element_type=\"widget\" data-settings=\"{&quot;_animation&quot;:&quot;zoomIn&quot;}\" data-widget_type=\"text-editor.default\">\n\t\t\t\t<div class=\"elementor-widget-container\">\n\t\t\t\t\t\t\t<p><img fetchpriority=\"high\" decoding=\"async\" data-attachment-id=\"1801\" data-permalink=\"https:\/\/saint-remy-chevreuse-tt.fr\/index.php\/tournoi-de-tennis-de-table-2019\/tournoi-tt-2019-les-tableaux-v2\/#main\" data-orig-file=\"https:\/\/i0.wp.com\/saint-remy-chevreuse-tt.fr\/wp-content\/uploads\/2019\/02\/Tournoi-TT-2019-Les-Tableaux-v2.jpg?fit=2083%2C1131&amp;ssl=1\" data-orig-size=\"2083,1131\" data-comments-opened=\"0\" data-image-meta=\"{&quot;aperture&quot;:&quot;0&quot;,&quot;credit&quot;:&quot;Marc&quot;,&quot;camera&quot;:&quot;&quot;,&quot;caption&quot;:&quot;&quot;,&quot;created_timestamp&quot;:&quot;1551119076&quot;,&quot;copyright&quot;:&quot;&quot;,&quot;focal_length&quot;:&quot;0&quot;,&quot;iso&quot;:&quot;0&quot;,&quot;shutter_speed&quot;:&quot;0&quot;,&quot;title&quot;:&quot;&quot;,&quot;orientation&quot;:&quot;0&quot;}\" data-image-title=\"Tournoi TT 2019 Les Tableaux v2\" data-image-description=\"\" data-image-caption=\"\" data-medium-file=\"https:\/\/i0.wp.com\/saint-remy-chevreuse-tt.fr\/wp-content\/uploads\/2019\/02\/Tournoi-TT-2019-Les-Tableaux-v2.jpg?fit=300%2C163&amp;ssl=1\" data-large-file=\"https:\/\/i0.wp.com\/saint-remy-chevreuse-tt.fr\/wp-content\/uploads\/2019\/02\/Tournoi-TT-2019-Les-Tableaux-v2.jpg?fit=654%2C355&amp;ssl=1\" tabindex=\"0\" role=\"button\" data-recalc-dims=\"1\" class=\"size-large wp-image-1801 alignnone\" src=\"https:\/\/i0.wp.com\/saint-remy-chevreuse-tt.fr\/wp-content\/uploads\/2019\/02\/Tournoi-TT-2019-Les-Tableaux-v2.jpg?resize=654%2C355\" alt=\"\" width=\"654\" height=\"355\" srcset=\"https:\/\/i0.wp.com\/saint-remy-chevreuse-tt.fr\/wp-content\/uploads\/2019\/02\/Tournoi-TT-2019-Les-Tableaux-v2.jpg?w=2083&amp;ssl=1 2083w, https:\/\/i0.wp.com\/saint-remy-chevreuse-tt.fr\/wp-content\/uploads\/2019\/02\/Tournoi-TT-2019-Les-Tableaux-v2.jpg?resize=300%2C163&amp;ssl=1 300w, https:\/\/i0.wp.com\/saint-remy-chevreuse-tt.fr\/wp-content\/uploads\/2019\/02\/Tournoi-TT-2019-Les-Tableaux-v2.jpg?resize=768%2C417&amp;ssl=1 768w, https:\/\/i0.wp.com\/saint-remy-chevreuse-tt.fr\/wp-content\/uploads\/2019\/02\/Tournoi-TT-2019-Les-Tableaux-v2.jpg?resize=1024%2C556&amp;ssl=1 1024w, https:\/\/i0.wp.com\/saint-remy-chevreuse-tt.fr\/wp-content\/uploads\/2019\/02\/Tournoi-TT-2019-Les-Tableaux-v2.jpg?resize=2%2C1&amp;ssl=1 2w, https:\/\/i0.wp.com\/saint-remy-chevreuse-tt.fr\/wp-content\/uploads\/2019\/02\/Tournoi-TT-2019-Les-Tableaux-v2.jpg?w=1308 1308w, https:\/\/i0.wp.com\/saint-remy-chevreuse-tt.fr\/wp-content\/uploads\/2019\/02\/Tournoi-TT-2019-Les-Tableaux-v2.jpg?w=1962 1962w\" sizes=\"(max-width: 654px) 100vw, 654px\" \/><\/p><p><span style=\"text-decoration: underline; color: #000000;\"><strong>1. Les inscriptions se font soit :<\/strong><\/span><br \/><span style=\"color: #ff0000;\"><strong>1)<\/strong><\/span> En remplissant le <span style=\"color: #0000ff;\"><strong>formulaire en ligne <\/strong><\/span><span style=\"color: #000000;\">ci-dessous<\/span> (Inscription\/modification\/annulation).<br \/><span style=\"color: #ff0000;\"><strong>2)<\/strong><\/span> En t\u00e9l\u00e9chargeant la feuille d&rsquo;engagement pour les groupes (version .PDF ou .EXCEL): <p><span class=\"gdm-drivefile-embed\"><img decoding=\"async\" src=\"https:\/\/drive-thirdparty.googleusercontent.com\/16\/type\/application\/pdf\" width=\"16\" height=\"16\" \/> <a href=\"https:\/\/drive.google.com\/file\/d\/1E6nkNh9j_RwnLnsVl9HwWaTUHKMxrXT4\/view?usp=drivesdk\" target=\"&quot;_blank&quot;\">Feuille Engagement Tournoi ST R\u00e9my 2019<\/a><\/span><\/p><p><span class=\"gdm-drivefile-embed\"><img decoding=\"async\" src=\"https:\/\/drive-thirdparty.googleusercontent.com\/16\/type\/application\/vnd.ms-excel.sheet.macroenabled.12\" width=\"16\" height=\"16\" \/> <a href=\"https:\/\/drive.google.com\/file\/d\/1isc5iQZTDmJ-SnJIVGm4GgTJU3FmHb9i\/view?usp=drivesdk\" target=\"&quot;_blank&quot;\">Feuille Engagement Tournoi ST R\u00e9my 2019 v3<\/a><\/span><\/p><span style=\"color: #ff0000;\"><strong>3)<\/strong><\/span> Par email <a href=\"mailto:tournoisaintremy78@gmail.com\">: <span style=\"color: #0000ff;\">tournoisaintremy78@gmail.com<\/span><\/a><\/p><p><strong><span style=\"text-decoration: underline;\"><span style=\"color: #000000; text-decoration: underline;\">2. Le r\u00e8glement se fait par :<\/span><\/span><br \/><span style=\"color: #ff0000;\">1)<\/span><\/strong> Ch\u00e8que Bancaire \u00e0 l&rsquo;ordre de \u00ab\u00a0<span style=\"color: #000000;\">Saint-Remy-Chevreuse TT<\/span>\u00a0\u00bb (A faire parvenir au plus tard le jeudi 2 mai 2019) \u00e0 l&rsquo;attention de <span style=\"color: #000000;\">Pierre Vaillagou, 2 avenue de la terrasse \u2013 78470 Saint-R\u00e9my les Chevreuse<\/span><strong><span style=\"color: #ff0000;\"><br \/>2)<\/span><\/strong> Sur place au <span style=\"color: #000000;\">gymnase C3R 3 rue des \u00e9coles \u00e0 Saint-R\u00e9my-les-Chevreuse<\/span>.<\/p><p>Pour tous renseignements: <a href=\"mailto:tournoisaintremy78@gmail.com\"><span style=\"color: #0000ff;\">tournoisaintremy78@gmail.com<\/span><\/a><\/p>\t\t\t\t\t\t<\/div>\n\t\t\t\t<\/div>\n\t\t\t\t\t<\/div>\n\t\t<\/div>\n\t\t\t\t\t<\/div>\n\t\t<\/section>\n\t\t\t\t<section class=\"elementor-section elementor-top-section elementor-element elementor-element-dac1177 elementor-section-boxed elementor-section-height-default elementor-section-height-default\" data-id=\"dac1177\" data-element_type=\"section\">\n\t\t\t\t\t\t<div class=\"elementor-container elementor-column-gap-default\">\n\t\t\t\t\t<div class=\"elementor-column elementor-col-100 elementor-top-column elementor-element elementor-element-8f5ff64\" data-id=\"8f5ff64\" data-element_type=\"column\">\n\t\t\t<div class=\"elementor-widget-wrap elementor-element-populated\">\n\t\t\t\t\t\t<div class=\"elementor-element elementor-element-a18a16e elementor-button-info elementor-align-center FormB-ClasseCSS elementor-invisible elementor-widget elementor-widget-button\" data-id=\"a18a16e\" data-element_type=\"widget\" data-settings=\"{&quot;_animation&quot;:&quot;rollIn&quot;}\" data-widget_type=\"button.default\">\n\t\t\t\t<div class=\"elementor-widget-container\">\n\t\t\t\t\t<div class=\"elementor-button-wrapper\">\n\t\t\t<a class=\"elementor-button elementor-button-link elementor-size-sm elementor-animation-pulse\" href=\"http:\/\/saint-remy-chevreuse-tt.fr\/index.php\/tournoi-inscription-lf\/\" id=\"FormB\">\n\t\t\t\t\t\t<span class=\"elementor-button-content-wrapper\">\n\t\t\t\t\t\t<span class=\"elementor-button-icon\">\n\t\t\t\t\t\t\t\t\t<i class=\"fa fa-drivers-license-o\" aria-hidden=\"true\"><\/i>\n\t\t\t\t\t\t\t<\/span>\n\t\t\t\t\t\t\t\t\t<span class=\"elementor-button-text\">Formulaire en ligne<\/span>\n\t\t\t\t\t<\/span>\n\t\t\t\t\t<\/a>\n\t\t<\/div>\n\t\t\t\t<\/div>\n\t\t\t\t<\/div>\n\t\t\t\t\t<\/div>\n\t\t<\/div>\n\t\t\t\t\t<\/div>\n\t\t<\/section>\n\t\t\t\t<\/div>\n\t\t","protected":false},"excerpt":{"rendered":"<p>1. Les inscriptions se font soit :1) En remplissant le formulaire en ligne ci-dessous (Inscription\/modification\/annulation).2) En t\u00e9l\u00e9chargeant la feuille d&rsquo;engagement pour les groupes (version .PDF ou .EXCEL): 3) Par email : tournoisaintremy78@gmail.com 2. Le r\u00e8glement se fait par :1) Ch\u00e8que Bancaire \u00e0 l&rsquo;ordre de \u00ab\u00a0Saint-Remy-Chevreuse TT\u00a0\u00bb (A faire parvenir au plus tard le jeudi 2 [&hellip;]<\/p>\n","protected":false},"author":1,"featured_media":0,"parent":0,"menu_order":0,"comment_status":"closed","ping_status":"closed","template":"","meta":{"footnotes":""},"class_list":["post-1849","page","type-page","status-publish","hentry"],"aioseo_notices":[],"jetpack_sharing_enabled":true,"jetpack_shortlink":"https:\/\/wp.me\/P9Eq5I-tP","jetpack_likes_enabled":false,"jetpack-related-posts":[],"post_mailing_queue_ids":[],"_links":{"self":[{"href":"https:\/\/saint-remy-chevreuse-tt.fr\/index.php\/wp-json\/wp\/v2\/pages\/1849"}],"collection":[{"href":"https:\/\/saint-remy-chevreuse-tt.fr\/index.php\/wp-json\/wp\/v2\/pages"}],"about":[{"href":"https:\/\/saint-remy-chevreuse-tt.fr\/index.php\/wp-json\/wp\/v2\/types\/page"}],"author":[{"embeddable":true,"href":"https:\/\/saint-remy-chevreuse-tt.fr\/index.php\/wp-json\/wp\/v2\/users\/1"}],"replies":[{"embeddable":true,"href":"https:\/\/saint-remy-chevreuse-tt.fr\/index.php\/wp-json\/wp\/v2\/comments?post=1849"}],"version-history":[{"count":29,"href":"https:\/\/saint-remy-chevreuse-tt.fr\/index.php\/wp-json\/wp\/v2\/pages\/1849\/revisions"}],"predecessor-version":[{"id":1972,"href":"https:\/\/saint-remy-chevreuse-tt.fr\/index.php\/wp-json\/wp\/v2\/pages\/1849\/revisions\/1972"}],"wp:attachment":[{"href":"https:\/\/saint-remy-chevreuse-tt.fr\/index.php\/wp-json\/wp\/v2\/media?parent=1849"}],"curies":[{"name":"wp","href":"https:\/\/api.w.org\/{rel}","templated":true}]}}