{"id":2168,"date":"2019-07-24T15:42:44","date_gmt":"2019-07-24T13:42:44","guid":{"rendered":"http:\/\/saint-remy-chevreuse-tt.fr\/?page_id=2168"},"modified":"2019-07-25T13:12:48","modified_gmt":"2019-07-25T11:12:48","slug":"tournoi-de-tennis-de-table-21-09-2019","status":"publish","type":"page","link":"https:\/\/saint-remy-chevreuse-tt.fr\/index.php\/tournoi-de-tennis-de-table-21-09-2019\/","title":{"rendered":"Tournoi de Tennis de Table 21 09 2019"},"content":{"rendered":"\t\t<div data-elementor-type=\"wp-post\" data-elementor-id=\"2168\" class=\"elementor elementor-2168\">\n\t\t\t\t\t\t<section class=\"elementor-section elementor-top-section elementor-element elementor-element-345e4eb9 elementor-section-boxed elementor-section-height-default elementor-section-height-default\" data-id=\"345e4eb9\" data-element_type=\"section\">\n\t\t\t\t\t\t<div class=\"elementor-container elementor-column-gap-default\">\n\t\t\t\t\t<div class=\"elementor-column elementor-col-100 elementor-top-column elementor-element elementor-element-4d8d2070\" data-id=\"4d8d2070\" data-element_type=\"column\">\n\t\t\t<div class=\"elementor-widget-wrap elementor-element-populated\">\n\t\t\t\t\t\t<div class=\"elementor-element elementor-element-20623c9b elementor-widget elementor-widget-text-editor\" data-id=\"20623c9b\" data-element_type=\"widget\" data-widget_type=\"text-editor.default\">\n\t\t\t\t<div class=\"elementor-widget-container\">\n\t\t\t\t\t\t\t<p>L\u2019Association Saint-R\u00e9my-Chevreuse Tennis de Table organise le <strong>samedi 21 septembre 2019<\/strong>, un Tournoi R\u00e9gional homologu\u00e9 n\u00b0 1264\/2019 &#8211; R &#8211; 01\/20 de Tennis de Table. Ce tournoi, ouvert aux joueuses et joueurs licenci\u00e9s FFTT, d\u2019une dotation d\u2019une valeur de<strong> 680 EUROS<\/strong> se d\u00e9roulera au <strong>gymnase C3R 3 rue des \u00e9coles \u00e0 Saint-R\u00e9my-les-Chevreuse.<\/strong><\/p><p><span style=\"color: #0000ff;\">Juge Arbitre du tournoi : M. Jean-Paul CHOUVIAC<\/span><br \/><span style=\"color: #0000ff;\">Spiddeur : Mme. Aur\u00e9lie PAINEAU<\/span><\/p><p><p><span class=\"gdm-drivefile-embed\"><img decoding=\"async\" src=\"https:\/\/drive-thirdparty.googleusercontent.com\/16\/type\/application\/pdf\" width=\"16\" height=\"16\" \/> <a href=\"https:\/\/drive.google.com\/file\/d\/10_CDCCqqnb40RzxhW12a6F8iQSlWaJEv\/view?usp=drivesdk\" target=\"&quot;_blank&quot;\">SRACTT_Reglement_Tournoi_21-09-2019<\/a><\/span><\/p><p><span class=\"gdm-drivefile-embed\"><img decoding=\"async\" src=\"https:\/\/drive-thirdparty.googleusercontent.com\/16\/type\/application\/pdf\" width=\"16\" height=\"16\" \/> <a href=\"https:\/\/drive.google.com\/file\/d\/1BTEAEA4zJs__6jyDt1JO2gOJ2kc2LLy4\/view?usp=drivesdk\" target=\"&quot;_blank&quot;\">Affiche Tournoi TT St Remy 21-09-2019<\/a><\/span><\/p><\/p>\t\t\t\t\t\t<\/div>\n\t\t\t\t<\/div>\n\t\t\t\t\t<\/div>\n\t\t<\/div>\n\t\t\t\t\t<\/div>\n\t\t<\/section>\n\t\t\t\t<section class=\"elementor-section elementor-top-section elementor-element elementor-element-e07a795 elementor-section-boxed elementor-section-height-default elementor-section-height-default\" data-id=\"e07a795\" data-element_type=\"section\">\n\t\t\t\t\t\t<div class=\"elementor-container elementor-column-gap-default\">\n\t\t\t\t\t<div class=\"elementor-column elementor-col-100 elementor-top-column elementor-element elementor-element-3308357\" data-id=\"3308357\" data-element_type=\"column\">\n\t\t\t<div class=\"elementor-widget-wrap elementor-element-populated\">\n\t\t\t\t\t\t<div class=\"elementor-element elementor-element-3869b4e elementor-button-info elementor-align-center elementor-invisible elementor-widget elementor-widget-button\" data-id=\"3869b4e\" data-element_type=\"widget\" data-settings=\"{&quot;_animation&quot;:&quot;slideInRight&quot;}\" data-widget_type=\"button.default\">\n\t\t\t\t<div class=\"elementor-widget-container\">\n\t\t\t\t\t<div class=\"elementor-button-wrapper\">\n\t\t\t<a class=\"elementor-button elementor-button-link elementor-size-sm\" href=\"http:\/\/saint-remy-chevreuse-tt.fr\/index.php\/inscription-tournoi-21-09-2019\/\">\n\t\t\t\t\t\t<span class=\"elementor-button-content-wrapper\">\n\t\t\t\t\t\t<span class=\"elementor-button-icon\">\n\t\t\t\t\t\t\t\t\t<i class=\"fa fa-address-card-o\" aria-hidden=\"true\"><\/i>\n\t\t\t\t\t\t\t<\/span>\n\t\t\t\t\t\t\t\t\t<span class=\"elementor-button-text\">Inscription Tournoi<\/span>\n\t\t\t\t\t<\/span>\n\t\t\t\t\t<\/a>\n\t\t<\/div>\n\t\t\t\t<\/div>\n\t\t\t\t<\/div>\n\t\t\t\t\t<\/div>\n\t\t<\/div>\n\t\t\t\t\t<\/div>\n\t\t<\/section>\n\t\t\t\t<\/div>\n\t\t","protected":false},"excerpt":{"rendered":"<p>L\u2019Association Saint-R\u00e9my-Chevreuse Tennis de Table organise le samedi 21 septembre 2019, un Tournoi R\u00e9gional homologu\u00e9 n\u00b0 1264\/2019 &#8211; R &#8211; 01\/20 de Tennis de Table. Ce tournoi, ouvert aux joueuses et joueurs licenci\u00e9s FFTT, d\u2019une dotation d\u2019une valeur de 680 EUROS se d\u00e9roulera au gymnase C3R 3 rue des \u00e9coles \u00e0 Saint-R\u00e9my-les-Chevreuse. Juge Arbitre du [&hellip;]<\/p>\n","protected":false},"author":1,"featured_media":0,"parent":0,"menu_order":0,"comment_status":"closed","ping_status":"closed","template":"","meta":{"footnotes":""},"class_list":["post-2168","page","type-page","status-publish","hentry"],"aioseo_notices":[],"jetpack_sharing_enabled":true,"jetpack_shortlink":"https:\/\/wp.me\/P9Eq5I-yY","jetpack_likes_enabled":false,"jetpack-related-posts":[],"post_mailing_queue_ids":[],"_links":{"self":[{"href":"https:\/\/saint-remy-chevreuse-tt.fr\/index.php\/wp-json\/wp\/v2\/pages\/2168"}],"collection":[{"href":"https:\/\/saint-remy-chevreuse-tt.fr\/index.php\/wp-json\/wp\/v2\/pages"}],"about":[{"href":"https:\/\/saint-remy-chevreuse-tt.fr\/index.php\/wp-json\/wp\/v2\/types\/page"}],"author":[{"embeddable":true,"href":"https:\/\/saint-remy-chevreuse-tt.fr\/index.php\/wp-json\/wp\/v2\/users\/1"}],"replies":[{"embeddable":true,"href":"https:\/\/saint-remy-chevreuse-tt.fr\/index.php\/wp-json\/wp\/v2\/comments?post=2168"}],"version-history":[{"count":9,"href":"https:\/\/saint-remy-chevreuse-tt.fr\/index.php\/wp-json\/wp\/v2\/pages\/2168\/revisions"}],"predecessor-version":[{"id":2298,"href":"https:\/\/saint-remy-chevreuse-tt.fr\/index.php\/wp-json\/wp\/v2\/pages\/2168\/revisions\/2298"}],"wp:attachment":[{"href":"https:\/\/saint-remy-chevreuse-tt.fr\/index.php\/wp-json\/wp\/v2\/media?parent=2168"}],"curies":[{"name":"wp","href":"https:\/\/api.w.org\/{rel}","templated":true}]}}