{"id":2310,"date":"2020-03-09T15:59:51","date_gmt":"2020-03-09T14:59:51","guid":{"rendered":"http:\/\/saint-remy-chevreuse-tt.fr\/?page_id=2310"},"modified":"2022-07-22T14:31:27","modified_gmt":"2022-07-22T12:31:27","slug":"inscription-tournoi-18-04-2020","status":"publish","type":"page","link":"https:\/\/saint-remy-chevreuse-tt.fr\/index.php\/inscription-tournoi-18-04-2020\/","title":{"rendered":"Inscription Tournoi 18\/19 04 2020"},"content":{"rendered":"\t\t<div data-elementor-type=\"wp-post\" data-elementor-id=\"2310\" class=\"elementor elementor-2310\">\n\t\t\t\t\t\t<section class=\"elementor-section elementor-top-section elementor-element elementor-element-4c09c7d9 elementor-section-boxed elementor-section-height-default elementor-section-height-default\" data-id=\"4c09c7d9\" data-element_type=\"section\">\n\t\t\t\t\t\t<div class=\"elementor-container elementor-column-gap-default\">\n\t\t\t\t\t<div class=\"elementor-column elementor-col-100 elementor-top-column elementor-element elementor-element-2a117007\" data-id=\"2a117007\" data-element_type=\"column\">\n\t\t\t<div class=\"elementor-widget-wrap elementor-element-populated\">\n\t\t\t\t\t\t<div class=\"elementor-element elementor-element-74fa4fa1 elementor-widget elementor-widget-text-editor\" data-id=\"74fa4fa1\" data-element_type=\"widget\" data-widget_type=\"text-editor.default\">\n\t\t\t\t<div class=\"elementor-widget-container\">\n\t\t\t\t\t\t\t<p><img fetchpriority=\"high\" decoding=\"async\" data-attachment-id=\"2324\" data-permalink=\"https:\/\/saint-remy-chevreuse-tt.fr\/index.php\/inscription-2020-2021\/tableaux-04-2020-2\/#main\" data-orig-file=\"https:\/\/i0.wp.com\/saint-remy-chevreuse-tt.fr\/wp-content\/uploads\/2020\/03\/Tableaux-04-2020-1.jpg?fit=1108%2C531&amp;ssl=1\" data-orig-size=\"1108,531\" data-comments-opened=\"0\" data-image-meta=\"{&quot;aperture&quot;:&quot;0&quot;,&quot;credit&quot;:&quot;&quot;,&quot;camera&quot;:&quot;&quot;,&quot;caption&quot;:&quot;&quot;,&quot;created_timestamp&quot;:&quot;0&quot;,&quot;copyright&quot;:&quot;&quot;,&quot;focal_length&quot;:&quot;0&quot;,&quot;iso&quot;:&quot;0&quot;,&quot;shutter_speed&quot;:&quot;0&quot;,&quot;title&quot;:&quot;&quot;,&quot;orientation&quot;:&quot;0&quot;}\" data-image-title=\"Tableaux 04 2020\" data-image-description=\"\" data-image-caption=\"\" data-medium-file=\"https:\/\/i0.wp.com\/saint-remy-chevreuse-tt.fr\/wp-content\/uploads\/2020\/03\/Tableaux-04-2020-1.jpg?fit=300%2C144&amp;ssl=1\" data-large-file=\"https:\/\/i0.wp.com\/saint-remy-chevreuse-tt.fr\/wp-content\/uploads\/2020\/03\/Tableaux-04-2020-1.jpg?fit=654%2C314&amp;ssl=1\" tabindex=\"0\" role=\"button\" data-recalc-dims=\"1\" class=\"aligncenter size-full wp-image-2324\" src=\"https:\/\/i0.wp.com\/saint-remy-chevreuse-tt.fr\/wp-content\/uploads\/2020\/03\/Tableaux-04-2020-1.jpg?resize=654%2C313\" alt=\"\" width=\"654\" height=\"313\" srcset=\"https:\/\/i0.wp.com\/saint-remy-chevreuse-tt.fr\/wp-content\/uploads\/2020\/03\/Tableaux-04-2020-1.jpg?w=1108&amp;ssl=1 1108w, https:\/\/i0.wp.com\/saint-remy-chevreuse-tt.fr\/wp-content\/uploads\/2020\/03\/Tableaux-04-2020-1.jpg?resize=300%2C144&amp;ssl=1 300w, https:\/\/i0.wp.com\/saint-remy-chevreuse-tt.fr\/wp-content\/uploads\/2020\/03\/Tableaux-04-2020-1.jpg?resize=768%2C368&amp;ssl=1 768w, https:\/\/i0.wp.com\/saint-remy-chevreuse-tt.fr\/wp-content\/uploads\/2020\/03\/Tableaux-04-2020-1.jpg?resize=1024%2C491&amp;ssl=1 1024w, https:\/\/i0.wp.com\/saint-remy-chevreuse-tt.fr\/wp-content\/uploads\/2020\/03\/Tableaux-04-2020-1.jpg?resize=2%2C1&amp;ssl=1 2w\" sizes=\"(max-width: 654px) 100vw, 654px\" \/><\/p><p><strong>1. Les inscriptions se font soit :<\/strong><br \/><strong>1)<\/strong> En remplissant le <strong>formulaire en ligne <\/strong>ci-dessous (Inscription\/modification\/annulation).<\/p><p><strong>2)<\/strong> Par email <a href=\"mailto:tournoisaintremy78@gmail.com\">: tournoisaintremy78@gmail.com<\/a><\/p><p><strong>2. Le r\u00e8glement se fait par :<\/strong><\/p><p>1) Ch\u00e8que Bancaire \u00e0 l&rsquo;ordre de \u00ab\u00a0Saint-Remy-Chevreuse TT\u00a0\u00bb (A faire parvenir au plus tard le jeudi 16 avril 2020) \u00e0 l&rsquo;attention de Pierre Vaillagou, 2 avenue de la terrasse \u2013 78470 Saint-R\u00e9my les Chevreuse<\/p><p><strong>2)<\/strong> Sur place au gymnase C3R 3 rue des \u00e9coles \u00e0 Saint-R\u00e9my-les-Chevreuse.<\/p><p>Pour tous renseignements: <a href=\"mailto:tournoisaintremy78@gmail.com\">tournoisaintremy78@gmail.com<\/a><\/p>\t\t\t\t\t\t<\/div>\n\t\t\t\t<\/div>\n\t\t\t\t\t<\/div>\n\t\t<\/div>\n\t\t\t\t\t<\/div>\n\t\t<\/section>\n\t\t\t\t<section class=\"elementor-section elementor-top-section elementor-element elementor-element-1c0f1c3 elementor-section-boxed elementor-section-height-default elementor-section-height-default\" data-id=\"1c0f1c3\" data-element_type=\"section\">\n\t\t\t\t\t\t<div class=\"elementor-container elementor-column-gap-default\">\n\t\t\t\t\t<div class=\"elementor-column elementor-col-100 elementor-top-column elementor-element elementor-element-5846012b\" data-id=\"5846012b\" data-element_type=\"column\">\n\t\t\t<div class=\"elementor-widget-wrap elementor-element-populated\">\n\t\t\t\t\t\t<div class=\"elementor-element elementor-element-7482d8d8 elementor-button-info elementor-align-center animated-slow elementor-invisible elementor-widget elementor-widget-button\" data-id=\"7482d8d8\" data-element_type=\"widget\" data-settings=\"{&quot;_animation&quot;:&quot;bounceInDown&quot;}\" data-widget_type=\"button.default\">\n\t\t\t\t<div class=\"elementor-widget-container\">\n\t\t\t\t\t<div class=\"elementor-button-wrapper\">\n\t\t\t<a class=\"elementor-button elementor-button-link elementor-size-sm elementor-animation-pulse\" href=\"https:\/\/inscriptions.saint-remy-chevreuse-tt.fr\/inscription\/tournoi\/4\">\n\t\t\t\t\t\t<span class=\"elementor-button-content-wrapper\">\n\t\t\t\t\t\t<span class=\"elementor-button-icon\">\n\t\t\t\t\t\t\t\t\t<i class=\"fa fa-id-card-o\" aria-hidden=\"true\"><\/i>\n\t\t\t\t\t\t\t<\/span>\n\t\t\t\t\t\t\t\t\t<span class=\"elementor-button-text\">Formulaire en ligne<\/span>\n\t\t\t\t\t<\/span>\n\t\t\t\t\t<\/a>\n\t\t<\/div>\n\t\t\t\t<\/div>\n\t\t\t\t<\/div>\n\t\t\t\t\t<\/div>\n\t\t<\/div>\n\t\t\t\t\t<\/div>\n\t\t<\/section>\n\t\t\t\t<\/div>\n\t\t","protected":false},"excerpt":{"rendered":"<p>1. Les inscriptions se font soit : 1) En remplissant le formulaire en ligne ci-dessous (Inscription\/modification\/annulation). 2) Par email : tournoisaintremy78@gmail.com 2. Le r\u00e8glement se fait par : 1) Ch\u00e8que Bancaire \u00e0 l&rsquo;ordre de \u00ab\u00a0Saint-Remy-Chevreuse TT\u00a0\u00bb (A faire parvenir au plus tard le jeudi 16 avril 2020) \u00e0 l&rsquo;attention de Pierre Vaillagou, 2 avenue de [&hellip;]<\/p>\n","protected":false},"author":1,"featured_media":0,"parent":0,"menu_order":0,"comment_status":"closed","ping_status":"closed","template":"","meta":{"footnotes":""},"class_list":["post-2310","page","type-page","status-publish","hentry"],"aioseo_notices":[],"jetpack_sharing_enabled":true,"jetpack_shortlink":"https:\/\/wp.me\/P9Eq5I-Bg","jetpack_likes_enabled":false,"jetpack-related-posts":[],"post_mailing_queue_ids":[],"_links":{"self":[{"href":"https:\/\/saint-remy-chevreuse-tt.fr\/index.php\/wp-json\/wp\/v2\/pages\/2310"}],"collection":[{"href":"https:\/\/saint-remy-chevreuse-tt.fr\/index.php\/wp-json\/wp\/v2\/pages"}],"about":[{"href":"https:\/\/saint-remy-chevreuse-tt.fr\/index.php\/wp-json\/wp\/v2\/types\/page"}],"author":[{"embeddable":true,"href":"https:\/\/saint-remy-chevreuse-tt.fr\/index.php\/wp-json\/wp\/v2\/users\/1"}],"replies":[{"embeddable":true,"href":"https:\/\/saint-remy-chevreuse-tt.fr\/index.php\/wp-json\/wp\/v2\/comments?post=2310"}],"version-history":[{"count":8,"href":"https:\/\/saint-remy-chevreuse-tt.fr\/index.php\/wp-json\/wp\/v2\/pages\/2310\/revisions"}],"predecessor-version":[{"id":2538,"href":"https:\/\/saint-remy-chevreuse-tt.fr\/index.php\/wp-json\/wp\/v2\/pages\/2310\/revisions\/2538"}],"wp:attachment":[{"href":"https:\/\/saint-remy-chevreuse-tt.fr\/index.php\/wp-json\/wp\/v2\/media?parent=2310"}],"curies":[{"name":"wp","href":"https:\/\/api.w.org\/{rel}","templated":true}]}}