{"id":2543,"date":"2021-06-23T00:01:35","date_gmt":"2021-06-22T22:01:35","guid":{"rendered":"http:\/\/saint-remy-chevreuse-tt.fr\/?page_id=2543"},"modified":"2021-08-21T16:49:28","modified_gmt":"2021-08-21T14:49:28","slug":"inscription-tournoi-regional-les-11-et-12-septembre-2021","status":"publish","type":"page","link":"https:\/\/saint-remy-chevreuse-tt.fr\/index.php\/inscription-tournoi-regional-les-11-et-12-septembre-2021\/","title":{"rendered":"Inscription Tournoi R\u00e9gional les 11 et 12 septembre 2021"},"content":{"rendered":"\t\t<div data-elementor-type=\"wp-page\" data-elementor-id=\"2543\" class=\"elementor elementor-2543\">\n\t\t\t\t\t\t<section class=\"elementor-section elementor-top-section elementor-element elementor-element-6821618d elementor-section-boxed elementor-section-height-default elementor-section-height-default\" data-id=\"6821618d\" data-element_type=\"section\">\n\t\t\t\t\t\t<div class=\"elementor-container elementor-column-gap-default\">\n\t\t\t\t\t<div class=\"elementor-column elementor-col-100 elementor-top-column elementor-element elementor-element-4f03e9ef\" data-id=\"4f03e9ef\" data-element_type=\"column\">\n\t\t\t<div class=\"elementor-widget-wrap elementor-element-populated\">\n\t\t\t\t\t\t<div class=\"elementor-element elementor-element-22974053 elementor-widget elementor-widget-text-editor\" data-id=\"22974053\" data-element_type=\"widget\" data-widget_type=\"text-editor.default\">\n\t\t\t\t<div class=\"elementor-widget-container\">\n\t\t\t\t\t\t\t<p>L\u2019Association <strong><span style=\"color: #0000ff;\">Saint-R\u00e9my-Chevreuse Tennis de Table<\/span><\/strong> organise, les <strong>samedi 11 et dimanche 12 septembre 2021<\/strong>, son 3\u00e8me Tournoi R\u00e9gional de Tennis de Table, homologu\u00e9 n\u00b0 1641\/2021-R. <br \/>Ce tournoi, ouvert aux joueuses et joueurs licenci\u00e9s FFTT, d\u2019une dotation d\u2019une valeur de<strong> 1.880 EUROS<\/strong> se d\u00e9roulera au <strong>gymnase C3R 3 rue des \u00e9coles \u00e0 Saint-R\u00e9my-les-Chevreuse.<\/strong><\/p><p><span style=\"color: #0000ff;\">Juge Arbitre du tournoi : M. Jean-Paul CHOUVIAC<\/span><br \/><span style=\"color: #0000ff;\">Spiddeur : Mme. Aur\u00e9lie PAINEAU<\/span><\/p><p><a href=\"https:\/\/drive.google.com\/file\/d\/1XluHWkWoPnsbujTMUD9-vwMl1sLswKGR\/view?usp=sharing\"><strong><span style=\"color: #ff0000; font-size: 14pt;\">\u21d2 <\/span>Affiche Tournoi TT SRCTT 11\/12 09 2021<\/strong><\/a><br \/><strong><span style=\"color: #ff0000; font-size: 14pt;\"><a style=\"color: #ff0000;\" href=\"https:\/\/drive.google.com\/file\/d\/1IEmWZbXhbp5Fv_-3oN_4DD3TUZDUnV2c\/view?usp=sharing\">\u21d2 <\/a><\/span><a href=\"https:\/\/drive.google.com\/file\/d\/192B0mVE4vBTxUSJWlSrrAMufZGAJeaQY\/view?usp=sharing\">SRCTT R\u00e8glement Tournoi 11\/12 09 2021<\/a><\/strong><\/p><p><u><b>Rappel <\/b><\/u>: Un pass sanitaire sera demand\u00e9 pour avoir acc\u00e8s au gymnase (joueurs et accompagnants).<\/p>\t\t\t\t\t\t<\/div>\n\t\t\t\t<\/div>\n\t\t\t\t\t<\/div>\n\t\t<\/div>\n\t\t\t\t\t<\/div>\n\t\t<\/section>\n\t\t\t\t<section class=\"elementor-section elementor-top-section elementor-element elementor-element-5f321262 elementor-section-boxed elementor-section-height-default elementor-section-height-default\" data-id=\"5f321262\" data-element_type=\"section\">\n\t\t\t\t\t\t<div class=\"elementor-container elementor-column-gap-default\">\n\t\t\t\t\t<div class=\"elementor-column elementor-col-100 elementor-top-column elementor-element elementor-element-78fa2d7b\" data-id=\"78fa2d7b\" data-element_type=\"column\">\n\t\t\t<div class=\"elementor-widget-wrap elementor-element-populated\">\n\t\t\t\t\t\t<div class=\"elementor-element elementor-element-570bf14f elementor-button-info elementor-align-center elementor-invisible elementor-widget elementor-widget-button\" data-id=\"570bf14f\" data-element_type=\"widget\" data-settings=\"{&quot;_animation&quot;:&quot;slideInRight&quot;}\" data-widget_type=\"button.default\">\n\t\t\t\t<div class=\"elementor-widget-container\">\n\t\t\t\t\t<div class=\"elementor-button-wrapper\">\n\t\t\t<a class=\"elementor-button elementor-button-link elementor-size-sm\" href=\"https:\/\/saint-remy-chevreuse-tt.fr\/?page_id=2553\">\n\t\t\t\t\t\t<span class=\"elementor-button-content-wrapper\">\n\t\t\t\t\t\t<span class=\"elementor-button-icon\">\n\t\t\t\t\t\t\t\t\t<i class=\"fa fa-address-card-o\" aria-hidden=\"true\"><\/i>\n\t\t\t\t\t\t\t<\/span>\n\t\t\t\t\t\t\t\t\t<span class=\"elementor-button-text\">Inscription Tournoi<\/span>\n\t\t\t\t\t<\/span>\n\t\t\t\t\t<\/a>\n\t\t<\/div>\n\t\t\t\t<\/div>\n\t\t\t\t<\/div>\n\t\t\t\t\t<\/div>\n\t\t<\/div>\n\t\t\t\t\t<\/div>\n\t\t<\/section>\n\t\t\t\t<\/div>\n\t\t","protected":false},"excerpt":{"rendered":"<p>L\u2019Association Saint-R\u00e9my-Chevreuse Tennis de Table organise, les samedi 11 et dimanche 12 septembre 2021, son 3\u00e8me Tournoi R\u00e9gional de Tennis de Table, homologu\u00e9 n\u00b0 1641\/2021-R. Ce tournoi, ouvert aux joueuses et joueurs licenci\u00e9s FFTT, d\u2019une dotation d\u2019une valeur de 1.880 EUROS se d\u00e9roulera au gymnase C3R 3 rue des \u00e9coles \u00e0 Saint-R\u00e9my-les-Chevreuse. Juge Arbitre du [&hellip;]<\/p>\n","protected":false},"author":1,"featured_media":0,"parent":0,"menu_order":0,"comment_status":"closed","ping_status":"closed","template":"","meta":{"footnotes":""},"class_list":["post-2543","page","type-page","status-publish","hentry"],"aioseo_notices":[],"jetpack_sharing_enabled":true,"jetpack_shortlink":"https:\/\/wp.me\/P9Eq5I-F1","jetpack_likes_enabled":false,"jetpack-related-posts":[],"post_mailing_queue_ids":[],"_links":{"self":[{"href":"https:\/\/saint-remy-chevreuse-tt.fr\/index.php\/wp-json\/wp\/v2\/pages\/2543"}],"collection":[{"href":"https:\/\/saint-remy-chevreuse-tt.fr\/index.php\/wp-json\/wp\/v2\/pages"}],"about":[{"href":"https:\/\/saint-remy-chevreuse-tt.fr\/index.php\/wp-json\/wp\/v2\/types\/page"}],"author":[{"embeddable":true,"href":"https:\/\/saint-remy-chevreuse-tt.fr\/index.php\/wp-json\/wp\/v2\/users\/1"}],"replies":[{"embeddable":true,"href":"https:\/\/saint-remy-chevreuse-tt.fr\/index.php\/wp-json\/wp\/v2\/comments?post=2543"}],"version-history":[{"count":14,"href":"https:\/\/saint-remy-chevreuse-tt.fr\/index.php\/wp-json\/wp\/v2\/pages\/2543\/revisions"}],"predecessor-version":[{"id":2617,"href":"https:\/\/saint-remy-chevreuse-tt.fr\/index.php\/wp-json\/wp\/v2\/pages\/2543\/revisions\/2617"}],"wp:attachment":[{"href":"https:\/\/saint-remy-chevreuse-tt.fr\/index.php\/wp-json\/wp\/v2\/media?parent=2543"}],"curies":[{"name":"wp","href":"https:\/\/api.w.org\/{rel}","templated":true}]}}