{"id":2553,"date":"2021-06-22T23:58:32","date_gmt":"2021-06-22T21:58:32","guid":{"rendered":"http:\/\/saint-remy-chevreuse-tt.fr\/?page_id=2553"},"modified":"2023-01-14T10:14:09","modified_gmt":"2023-01-14T09:14:09","slug":"tournoi-regional-2021","status":"publish","type":"page","link":"https:\/\/saint-remy-chevreuse-tt.fr\/index.php\/tournoi-regional-2021\/","title":{"rendered":"Tournoi R\u00e9gional 2021"},"content":{"rendered":"\t\t<div data-elementor-type=\"wp-page\" data-elementor-id=\"2553\" class=\"elementor elementor-2553\">\n\t\t\t\t\t\t<section class=\"elementor-section elementor-top-section elementor-element elementor-element-6fa03a39 elementor-section-boxed elementor-section-height-default elementor-section-height-default\" data-id=\"6fa03a39\" data-element_type=\"section\">\n\t\t\t\t\t\t<div class=\"elementor-container elementor-column-gap-default\">\n\t\t\t\t\t<div class=\"elementor-column elementor-col-100 elementor-top-column elementor-element elementor-element-791a5682\" data-id=\"791a5682\" data-element_type=\"column\">\n\t\t\t<div class=\"elementor-widget-wrap elementor-element-populated\">\n\t\t\t\t\t\t<div class=\"elementor-element elementor-element-22c2887b elementor-widget elementor-widget-text-editor\" data-id=\"22c2887b\" data-element_type=\"widget\" data-widget_type=\"text-editor.default\">\n\t\t\t\t<div class=\"elementor-widget-container\">\n\t\t\t\t\t\t\t<p><a href=\"https:\/\/i0.wp.com\/saint-remy-chevreuse-tt.fr\/wp-content\/uploads\/2021\/06\/Tableaux-Tournoi-National-B-2021.jpg\"><img fetchpriority=\"high\" decoding=\"async\" data-attachment-id=\"2554\" data-permalink=\"https:\/\/saint-remy-chevreuse-tt.fr\/tableaux-tournoi-national-b-2021\/\" data-orig-file=\"https:\/\/i0.wp.com\/saint-remy-chevreuse-tt.fr\/wp-content\/uploads\/2021\/06\/Tableaux-Tournoi-National-B-2021.jpg?fit=1125%2C542&amp;ssl=1\" data-orig-size=\"1125,542\" data-comments-opened=\"0\" data-image-meta=\"{&quot;aperture&quot;:&quot;0&quot;,&quot;credit&quot;:&quot;&quot;,&quot;camera&quot;:&quot;&quot;,&quot;caption&quot;:&quot;&quot;,&quot;created_timestamp&quot;:&quot;0&quot;,&quot;copyright&quot;:&quot;&quot;,&quot;focal_length&quot;:&quot;0&quot;,&quot;iso&quot;:&quot;0&quot;,&quot;shutter_speed&quot;:&quot;0&quot;,&quot;title&quot;:&quot;&quot;,&quot;orientation&quot;:&quot;0&quot;}\" data-image-title=\"Tableaux Tournoi National-B 2021\" data-image-description=\"\" data-image-caption=\"\" data-medium-file=\"https:\/\/i0.wp.com\/saint-remy-chevreuse-tt.fr\/wp-content\/uploads\/2021\/06\/Tableaux-Tournoi-National-B-2021.jpg?fit=300%2C145&amp;ssl=1\" data-large-file=\"https:\/\/i0.wp.com\/saint-remy-chevreuse-tt.fr\/wp-content\/uploads\/2021\/06\/Tableaux-Tournoi-National-B-2021.jpg?fit=654%2C315&amp;ssl=1\" tabindex=\"0\" role=\"button\" data-recalc-dims=\"1\" class=\"aligncenter size-large wp-image-2554\" src=\"https:\/\/i0.wp.com\/saint-remy-chevreuse-tt.fr\/wp-content\/uploads\/2021\/06\/Tableaux-Tournoi-National-B-2021.jpg?resize=654%2C315\" alt=\"\" width=\"654\" height=\"315\" srcset=\"https:\/\/i0.wp.com\/saint-remy-chevreuse-tt.fr\/wp-content\/uploads\/2021\/06\/Tableaux-Tournoi-National-B-2021.jpg?w=1125&amp;ssl=1 1125w, https:\/\/i0.wp.com\/saint-remy-chevreuse-tt.fr\/wp-content\/uploads\/2021\/06\/Tableaux-Tournoi-National-B-2021.jpg?resize=300%2C145&amp;ssl=1 300w, https:\/\/i0.wp.com\/saint-remy-chevreuse-tt.fr\/wp-content\/uploads\/2021\/06\/Tableaux-Tournoi-National-B-2021.jpg?resize=1024%2C493&amp;ssl=1 1024w, https:\/\/i0.wp.com\/saint-remy-chevreuse-tt.fr\/wp-content\/uploads\/2021\/06\/Tableaux-Tournoi-National-B-2021.jpg?resize=768%2C370&amp;ssl=1 768w, https:\/\/i0.wp.com\/saint-remy-chevreuse-tt.fr\/wp-content\/uploads\/2021\/06\/Tableaux-Tournoi-National-B-2021.jpg?resize=2%2C1&amp;ssl=1 2w\" sizes=\"(max-width: 654px) 100vw, 654px\" \/><\/a><\/p><p><strong>1. Les inscriptions se font soit :<\/strong><br \/><strong>1)<\/strong> En remplissant le <strong>formulaire en ligne <\/strong>ci-dessous (Inscription\/modification\/annulation).<\/p><p><strong>2)<\/strong> Par email <a href=\"mailto:tournoisaintremy78@gmail.com\">: tournoisaintremy78@gmail.com<\/a><\/p><p><strong>2. Le r\u00e8glement se fait par :<\/strong><\/p><p>1) Par virement bancaire (<strong><a href=\"https:\/\/drive.google.com\/file\/d\/1GrwmOo_SsCq_HfED2C3_2HFv3wAElFw9\/view?usp=sharing\">cliquez ICI pour le RIB du club<\/a><\/strong>). Bien indiquer <strong>Tournoi 2021<\/strong> et votre nom en commentaire du virement.<\/p><p>2) Ch\u00e8que Bancaire \u00e0 l&rsquo;ordre de \u00ab\u00a0Saint-Remy-Chevreuse TT\u00a0\u00bb (A faire parvenir au plus tard le jeudi 9 septembre 2021) \u00e0 l&rsquo;attention de Yann Legros, <span style=\"font-family: 'Arial',sans-serif; font-weight: normal; text-decoration: none; text-underline: none;\">4 chemin de la butte des buis, <\/span>78470 Saint-R\u00e9my-l\u00e9s-Chevreuse<\/p><p>3) Sur place au gymnase C3R 3 rue des \u00e9coles \u00e0 Saint-R\u00e9my-les-Chevreuse.<\/p><p>Pour tous renseignements: <a href=\"mailto:tournoisaintremy78@gmail.com\">tournoisaintremy78@gmail.com<\/a><\/p>\t\t\t\t\t\t<\/div>\n\t\t\t\t<\/div>\n\t\t\t\t\t<\/div>\n\t\t<\/div>\n\t\t\t\t\t<\/div>\n\t\t<\/section>\n\t\t\t\t<section class=\"elementor-section elementor-top-section elementor-element elementor-element-17c394bc elementor-section-boxed elementor-section-height-default elementor-section-height-default\" data-id=\"17c394bc\" data-element_type=\"section\">\n\t\t\t\t\t\t<div class=\"elementor-container elementor-column-gap-default\">\n\t\t\t\t\t<div class=\"elementor-column elementor-col-100 elementor-top-column elementor-element elementor-element-38e4500\" data-id=\"38e4500\" data-element_type=\"column\">\n\t\t\t<div class=\"elementor-widget-wrap elementor-element-populated\">\n\t\t\t\t\t\t<div class=\"elementor-element elementor-element-1fdb5c08 elementor-button-info elementor-align-center animated-slow elementor-invisible elementor-widget elementor-widget-button\" data-id=\"1fdb5c08\" data-element_type=\"widget\" data-settings=\"{&quot;_animation&quot;:&quot;bounceInDown&quot;}\" data-widget_type=\"button.default\">\n\t\t\t\t<div class=\"elementor-widget-container\">\n\t\t\t\t\t<div class=\"elementor-button-wrapper\">\n\t\t\t<a class=\"elementor-button elementor-button-link elementor-size-sm elementor-animation-pulse\" href=\"https:\/\/inscriptions.saint-remy-chevreuse-tt.fr\/inscription\/tournoi\/5\">\n\t\t\t\t\t\t<span class=\"elementor-button-content-wrapper\">\n\t\t\t\t\t\t<span class=\"elementor-button-icon\">\n\t\t\t\t\t\t\t\t\t<i class=\"fa fa-id-card-o\" aria-hidden=\"true\"><\/i>\n\t\t\t\t\t\t\t<\/span>\n\t\t\t\t\t\t\t\t\t<span class=\"elementor-button-text\">Formulaire en ligne<\/span>\n\t\t\t\t\t<\/span>\n\t\t\t\t\t<\/a>\n\t\t<\/div>\n\t\t\t\t<\/div>\n\t\t\t\t<\/div>\n\t\t\t\t\t<\/div>\n\t\t<\/div>\n\t\t\t\t\t<\/div>\n\t\t<\/section>\n\t\t\t\t<\/div>\n\t\t","protected":false},"excerpt":{"rendered":"<p>1. Les inscriptions se font soit : 1) En remplissant le formulaire en ligne ci-dessous (Inscription\/modification\/annulation). 2) Par email : tournoisaintremy78@gmail.com 2. Le r\u00e8glement se fait par : 1) Par virement bancaire (cliquez ICI pour le RIB du club). Bien indiquer Tournoi 2021 et votre nom en commentaire du virement. 2) Ch\u00e8que Bancaire \u00e0 l&rsquo;ordre [&hellip;]<\/p>\n","protected":false},"author":1,"featured_media":0,"parent":0,"menu_order":0,"comment_status":"closed","ping_status":"closed","template":"","meta":{"footnotes":""},"class_list":["post-2553","page","type-page","status-publish","hentry"],"aioseo_notices":[],"jetpack_sharing_enabled":true,"jetpack_shortlink":"https:\/\/wp.me\/P9Eq5I-Fb","jetpack_likes_enabled":false,"jetpack-related-posts":[],"post_mailing_queue_ids":[],"_links":{"self":[{"href":"https:\/\/saint-remy-chevreuse-tt.fr\/index.php\/wp-json\/wp\/v2\/pages\/2553"}],"collection":[{"href":"https:\/\/saint-remy-chevreuse-tt.fr\/index.php\/wp-json\/wp\/v2\/pages"}],"about":[{"href":"https:\/\/saint-remy-chevreuse-tt.fr\/index.php\/wp-json\/wp\/v2\/types\/page"}],"author":[{"embeddable":true,"href":"https:\/\/saint-remy-chevreuse-tt.fr\/index.php\/wp-json\/wp\/v2\/users\/1"}],"replies":[{"embeddable":true,"href":"https:\/\/saint-remy-chevreuse-tt.fr\/index.php\/wp-json\/wp\/v2\/comments?post=2553"}],"version-history":[{"count":8,"href":"https:\/\/saint-remy-chevreuse-tt.fr\/index.php\/wp-json\/wp\/v2\/pages\/2553\/revisions"}],"predecessor-version":[{"id":2572,"href":"https:\/\/saint-remy-chevreuse-tt.fr\/index.php\/wp-json\/wp\/v2\/pages\/2553\/revisions\/2572"}],"wp:attachment":[{"href":"https:\/\/saint-remy-chevreuse-tt.fr\/index.php\/wp-json\/wp\/v2\/media?parent=2553"}],"curies":[{"name":"wp","href":"https:\/\/api.w.org\/{rel}","templated":true}]}}