{"id":2922,"date":"2023-01-25T16:33:35","date_gmt":"2023-01-25T15:33:35","guid":{"rendered":"http:\/\/saint-remy-chevreuse-tt.fr\/?page_id=2922"},"modified":"2023-07-23T16:14:22","modified_gmt":"2023-07-23T14:14:22","slug":"inscription-tournoi-national-b-srctt-04-2023","status":"publish","type":"page","link":"https:\/\/saint-remy-chevreuse-tt.fr\/index.php\/inscription-tournoi-national-b-srctt-04-2023\/","title":{"rendered":"Inscription Tournoi National B &#8211; SRCTT 04-2023"},"content":{"rendered":"\t\t<div data-elementor-type=\"wp-page\" data-elementor-id=\"2922\" class=\"elementor elementor-2922\">\n\t\t\t\t\t\t<section class=\"elementor-section elementor-top-section elementor-element elementor-element-407b4516 elementor-section-boxed elementor-section-height-default elementor-section-height-default\" data-id=\"407b4516\" data-element_type=\"section\">\n\t\t\t\t\t\t<div class=\"elementor-container elementor-column-gap-default\">\n\t\t\t\t\t<div class=\"elementor-column elementor-col-100 elementor-top-column elementor-element elementor-element-31623fb8\" data-id=\"31623fb8\" data-element_type=\"column\">\n\t\t\t<div class=\"elementor-widget-wrap elementor-element-populated\">\n\t\t\t\t\t\t<div class=\"elementor-element elementor-element-3ba04eb9 elementor-widget elementor-widget-text-editor\" data-id=\"3ba04eb9\" data-element_type=\"widget\" data-widget_type=\"text-editor.default\">\n\t\t\t\t<div class=\"elementor-widget-container\">\n\t\t\t\t\t\t\t<section data-id=\"4c09c7d9\" data-element_type=\"section\"><div><div><div data-id=\"2a117007\" data-element_type=\"column\"><div><div><div data-id=\"74fa4fa1\" data-element_type=\"widget\" data-widget_type=\"text-editor.default\"><div><div><p><a href=\"https:\/\/i0.wp.com\/saint-remy-chevreuse-tt.fr\/wp-content\/uploads\/2023\/01\/Tableaux-Tournoi-National-2023-04.jpg\"><img fetchpriority=\"high\" decoding=\"async\" data-attachment-id=\"2925\" data-permalink=\"https:\/\/saint-remy-chevreuse-tt.fr\/tableaux-tournoi-national-2023-04\/\" data-orig-file=\"https:\/\/i0.wp.com\/saint-remy-chevreuse-tt.fr\/wp-content\/uploads\/2023\/01\/Tableaux-Tournoi-National-2023-04.jpg?fit=1260%2C606&amp;ssl=1\" data-orig-size=\"1260,606\" data-comments-opened=\"0\" data-image-meta=\"{&quot;aperture&quot;:&quot;0&quot;,&quot;credit&quot;:&quot;&quot;,&quot;camera&quot;:&quot;&quot;,&quot;caption&quot;:&quot;&quot;,&quot;created_timestamp&quot;:&quot;0&quot;,&quot;copyright&quot;:&quot;&quot;,&quot;focal_length&quot;:&quot;0&quot;,&quot;iso&quot;:&quot;0&quot;,&quot;shutter_speed&quot;:&quot;0&quot;,&quot;title&quot;:&quot;&quot;,&quot;orientation&quot;:&quot;0&quot;}\" data-image-title=\"Tableaux Tournoi National 2023 04\" data-image-description=\"\" data-image-caption=\"\" data-medium-file=\"https:\/\/i0.wp.com\/saint-remy-chevreuse-tt.fr\/wp-content\/uploads\/2023\/01\/Tableaux-Tournoi-National-2023-04.jpg?fit=300%2C144&amp;ssl=1\" data-large-file=\"https:\/\/i0.wp.com\/saint-remy-chevreuse-tt.fr\/wp-content\/uploads\/2023\/01\/Tableaux-Tournoi-National-2023-04.jpg?fit=654%2C314&amp;ssl=1\" tabindex=\"0\" role=\"button\" data-recalc-dims=\"1\" class=\"aligncenter wp-image-2925 size-large\" src=\"https:\/\/i0.wp.com\/saint-remy-chevreuse-tt.fr\/wp-content\/uploads\/2023\/01\/Tableaux-Tournoi-National-2023-04.jpg?resize=654%2C314\" alt=\"\" width=\"654\" height=\"314\" srcset=\"https:\/\/i0.wp.com\/saint-remy-chevreuse-tt.fr\/wp-content\/uploads\/2023\/01\/Tableaux-Tournoi-National-2023-04.jpg?w=1260&amp;ssl=1 1260w, https:\/\/i0.wp.com\/saint-remy-chevreuse-tt.fr\/wp-content\/uploads\/2023\/01\/Tableaux-Tournoi-National-2023-04.jpg?resize=300%2C144&amp;ssl=1 300w, https:\/\/i0.wp.com\/saint-remy-chevreuse-tt.fr\/wp-content\/uploads\/2023\/01\/Tableaux-Tournoi-National-2023-04.jpg?resize=1024%2C492&amp;ssl=1 1024w, https:\/\/i0.wp.com\/saint-remy-chevreuse-tt.fr\/wp-content\/uploads\/2023\/01\/Tableaux-Tournoi-National-2023-04.jpg?resize=768%2C369&amp;ssl=1 768w, https:\/\/i0.wp.com\/saint-remy-chevreuse-tt.fr\/wp-content\/uploads\/2023\/01\/Tableaux-Tournoi-National-2023-04.jpg?resize=2%2C1&amp;ssl=1 2w\" sizes=\"(max-width: 654px) 100vw, 654px\" \/><\/a><\/p><p><strong>1. Les inscriptions se font soit :<\/strong><br \/><strong>1)<\/strong> En remplissant le <strong>formulaire en ligne <\/strong>ci-dessous (Inscription\/modification\/annulation).<\/p><p><strong>2)<\/strong> Par email <a href=\"mailto:tournoisaintremy78@gmail.com\">: tournoisaintremy78@gmail.com<\/a><\/p><p><strong>2. Le r\u00e8glement se fait par :<\/strong><\/p><p>1) Ch\u00e8que Bancaire \u00e0 l\u2019ordre de \u00ab Saint-Remy-Chevreuse TT \u00bb (A faire parvenir au plus tard le mercredi 5 avril 2023) \u00e0 l\u2019attention de Yann Legros, 4 Chemin de la Butte des Buis \u2013 78470 Saint-R\u00e9my les Chevreuse<\/p><p><strong>2)<\/strong> Sur place au gymnase C3R 3 rue des \u00e9coles \u00e0 Saint-R\u00e9my-les-Chevreuse.<\/p><p>Pour tous renseignements: <a href=\"mailto:tournoisaintremy78@gmail.com\">tournoisaintremy78@gmail.com<\/a><\/p><\/div><\/div><\/div><\/div><\/div><\/div><\/div><\/div><\/section>\t\t\t\t\t\t<\/div>\n\t\t\t\t<\/div>\n\t\t\t\t<div class=\"elementor-element elementor-element-5f4bb291 elementor-button-info elementor-align-center animated-slow elementor-invisible elementor-widget elementor-widget-button\" data-id=\"5f4bb291\" data-element_type=\"widget\" data-settings=\"{&quot;_animation&quot;:&quot;bounceInDown&quot;}\" data-widget_type=\"button.default\">\n\t\t\t\t<div class=\"elementor-widget-container\">\n\t\t\t\t\t<div class=\"elementor-button-wrapper\">\n\t\t\t<a class=\"elementor-button elementor-button-link elementor-size-sm elementor-animation-pulse\" href=\"https:\/\/inscriptions.saint-remy-chevreuse-tt.fr\/inscription\/tournoi\/9\">\n\t\t\t\t\t\t<span class=\"elementor-button-content-wrapper\">\n\t\t\t\t\t\t<span class=\"elementor-button-icon\">\n\t\t\t\t<i aria-hidden=\"true\" class=\"far fa-id-card\"><\/i>\t\t\t<\/span>\n\t\t\t\t\t\t\t\t\t<span class=\"elementor-button-text\">Formulaire en ligne<\/span>\n\t\t\t\t\t<\/span>\n\t\t\t\t\t<\/a>\n\t\t<\/div>\n\t\t\t\t<\/div>\n\t\t\t\t<\/div>\n\t\t\t\t\t<\/div>\n\t\t<\/div>\n\t\t\t\t\t<\/div>\n\t\t<\/section>\n\t\t\t\t<\/div>\n\t\t","protected":false},"excerpt":{"rendered":"<p>1. Les inscriptions se font soit : 1) En remplissant le formulaire en ligne ci-dessous (Inscription\/modification\/annulation). 2) Par email : tournoisaintremy78@gmail.com 2. Le r\u00e8glement se fait par : 1) Ch\u00e8que Bancaire \u00e0 l\u2019ordre de \u00ab Saint-Remy-Chevreuse TT \u00bb (A faire parvenir au plus tard le mercredi 5 avril 2023) \u00e0 l\u2019attention de Yann Legros, 4 [&hellip;]<\/p>\n","protected":false},"author":1,"featured_media":0,"parent":0,"menu_order":0,"comment_status":"closed","ping_status":"closed","template":"","meta":{"footnotes":""},"class_list":["post-2922","page","type-page","status-publish","hentry"],"aioseo_notices":[],"jetpack_sharing_enabled":true,"jetpack_shortlink":"https:\/\/wp.me\/P9Eq5I-L8","jetpack_likes_enabled":false,"jetpack-related-posts":[],"post_mailing_queue_ids":[],"_links":{"self":[{"href":"https:\/\/saint-remy-chevreuse-tt.fr\/index.php\/wp-json\/wp\/v2\/pages\/2922"}],"collection":[{"href":"https:\/\/saint-remy-chevreuse-tt.fr\/index.php\/wp-json\/wp\/v2\/pages"}],"about":[{"href":"https:\/\/saint-remy-chevreuse-tt.fr\/index.php\/wp-json\/wp\/v2\/types\/page"}],"author":[{"embeddable":true,"href":"https:\/\/saint-remy-chevreuse-tt.fr\/index.php\/wp-json\/wp\/v2\/users\/1"}],"replies":[{"embeddable":true,"href":"https:\/\/saint-remy-chevreuse-tt.fr\/index.php\/wp-json\/wp\/v2\/comments?post=2922"}],"version-history":[{"count":8,"href":"https:\/\/saint-remy-chevreuse-tt.fr\/index.php\/wp-json\/wp\/v2\/pages\/2922\/revisions"}],"predecessor-version":[{"id":2969,"href":"https:\/\/saint-remy-chevreuse-tt.fr\/index.php\/wp-json\/wp\/v2\/pages\/2922\/revisions\/2969"}],"wp:attachment":[{"href":"https:\/\/saint-remy-chevreuse-tt.fr\/index.php\/wp-json\/wp\/v2\/media?parent=2922"}],"curies":[{"name":"wp","href":"https:\/\/api.w.org\/{rel}","templated":true}]}}