{"id":396,"date":"2018-02-13T23:14:53","date_gmt":"2018-02-13T22:14:53","guid":{"rendered":"http:\/\/saint-remy-chevreuse-tt.fr\/?page_id=396"},"modified":"2021-08-02T18:38:47","modified_gmt":"2021-08-02T16:38:47","slug":"le-club","status":"publish","type":"page","link":"https:\/\/saint-remy-chevreuse-tt.fr\/index.php\/le-club\/","title":{"rendered":"Le Club"},"content":{"rendered":"\t\t<div data-elementor-type=\"wp-post\" data-elementor-id=\"396\" class=\"elementor elementor-396\">\n\t\t\t\t\t\t<section class=\"elementor-section elementor-top-section elementor-element elementor-element-3fd43107 elementor-section-boxed elementor-section-height-default elementor-section-height-default\" data-id=\"3fd43107\" data-element_type=\"section\">\n\t\t\t\t\t\t<div class=\"elementor-container elementor-column-gap-default\">\n\t\t\t\t\t<div class=\"elementor-column elementor-col-33 elementor-top-column elementor-element elementor-element-16e36c4\" data-id=\"16e36c4\" data-element_type=\"column\">\n\t\t\t<div class=\"elementor-widget-wrap elementor-element-populated\">\n\t\t\t\t\t\t<div class=\"elementor-element elementor-element-ce1835d elementor-widget elementor-widget-text-editor\" data-id=\"ce1835d\" data-element_type=\"widget\" data-widget_type=\"text-editor.default\">\n\t\t\t\t<div class=\"elementor-widget-container\">\n\t\t\t\t\t\t\t<p>Pour information: <br \/><strong><span style=\"color: #0000ff;\"><a style=\"color: #0000ff;\" href=\"https:\/\/drive.google.com\/file\/d\/1fC4banOlwrXysjhlb_-P0HvcGpPbeMxG\/view?usp=sharing\">Fiche du Club 2021-2022<\/a><\/span><\/strong><\/p>\t\t\t\t\t\t<\/div>\n\t\t\t\t<\/div>\n\t\t\t\t\t<\/div>\n\t\t<\/div>\n\t\t\t\t<div class=\"elementor-column elementor-col-33 elementor-top-column elementor-element elementor-element-205759af\" data-id=\"205759af\" data-element_type=\"column\">\n\t\t\t<div class=\"elementor-widget-wrap elementor-element-populated\">\n\t\t\t\t\t\t<div class=\"elementor-element elementor-element-6ec67b4d elementor-widget elementor-widget-text-editor\" data-id=\"6ec67b4d\" data-element_type=\"widget\" data-widget_type=\"text-editor.default\">\n\t\t\t\t<div class=\"elementor-widget-container\">\n\t\t\t\t\t\t\t<p><img decoding=\"async\" data-attachment-id=\"604\" data-permalink=\"https:\/\/saint-remy-chevreuse-tt.fr\/index.php\/mot-du-president\/tournoi-eddsica-19-novembre-2017-1\/#main\" data-orig-file=\"https:\/\/i0.wp.com\/saint-remy-chevreuse-tt.fr\/wp-content\/uploads\/2018\/02\/Tournoi-EDDSICA-19-novembre-2017-1-e1518867650145.jpg?fit=2519%2C2745&amp;ssl=1\" data-orig-size=\"2519,2745\" data-comments-opened=\"1\" data-image-meta=\"{&quot;aperture&quot;:&quot;4&quot;,&quot;credit&quot;:&quot;&quot;,&quot;camera&quot;:&quot;Canon EOS 5D Mark IV&quot;,&quot;caption&quot;:&quot;&quot;,&quot;created_timestamp&quot;:&quot;1511091075&quot;,&quot;copyright&quot;:&quot;&quot;,&quot;focal_length&quot;:&quot;47&quot;,&quot;iso&quot;:&quot;250&quot;,&quot;shutter_speed&quot;:&quot;0.02&quot;,&quot;title&quot;:&quot;&quot;,&quot;orientation&quot;:&quot;0&quot;}\" data-image-title=\"Tournoi EDDSICA 19 novembre 2017 -1\" data-image-description=\"\" data-image-caption=\"\" data-medium-file=\"https:\/\/i0.wp.com\/saint-remy-chevreuse-tt.fr\/wp-content\/uploads\/2018\/02\/Tournoi-EDDSICA-19-novembre-2017-1-e1518867650145.jpg?fit=275%2C300&amp;ssl=1\" data-large-file=\"https:\/\/i0.wp.com\/saint-remy-chevreuse-tt.fr\/wp-content\/uploads\/2018\/02\/Tournoi-EDDSICA-19-novembre-2017-1-e1518867650145.jpg?fit=654%2C712&amp;ssl=1\" tabindex=\"0\" role=\"button\" data-recalc-dims=\"1\" class=\"aligncenter size-thumbnail wp-image-604\" src=\"https:\/\/i0.wp.com\/saint-remy-chevreuse-tt.fr\/wp-content\/uploads\/2018\/02\/Tournoi-EDDSICA-19-novembre-2017-1-e1518867650145-150x150.jpg?resize=185%2C185\" alt=\"\" width=\"185\" height=\"185\" srcset=\"https:\/\/i0.wp.com\/saint-remy-chevreuse-tt.fr\/wp-content\/uploads\/2018\/02\/Tournoi-EDDSICA-19-novembre-2017-1-e1518867650145.jpg?resize=150%2C150&amp;ssl=1 150w, https:\/\/i0.wp.com\/saint-remy-chevreuse-tt.fr\/wp-content\/uploads\/2018\/02\/Tournoi-EDDSICA-19-novembre-2017-1-e1518867650145.jpg?resize=1%2C1&amp;ssl=1 1w, https:\/\/i0.wp.com\/saint-remy-chevreuse-tt.fr\/wp-content\/uploads\/2018\/02\/Tournoi-EDDSICA-19-novembre-2017-1-e1518867650145.jpg?zoom=2&amp;resize=185%2C185 370w, https:\/\/i0.wp.com\/saint-remy-chevreuse-tt.fr\/wp-content\/uploads\/2018\/02\/Tournoi-EDDSICA-19-novembre-2017-1-e1518867650145.jpg?zoom=3&amp;resize=185%2C185 555w\" sizes=\"(max-width: 185px) 100vw, 185px\" \/><\/p><p style=\"text-align: center;\"><span style=\"font-size: 12pt;\">Bienvenue sur le site de <span style=\"color: #0000ff;\"><strong>Saint-R\u00e9my-Chevreuse TT<\/strong><\/span>.<\/span><br \/><span style=\"color: #000000; font-size: 12pt;\">Pierre Vaillagou (Pr\u00e9sident d&rsquo;honneur)<br \/><\/span><\/p>\t\t\t\t\t\t<\/div>\n\t\t\t\t<\/div>\n\t\t\t\t\t<\/div>\n\t\t<\/div>\n\t\t\t\t<div class=\"elementor-column elementor-col-33 elementor-top-column elementor-element elementor-element-3ebb733\" data-id=\"3ebb733\" data-element_type=\"column\">\n\t\t\t<div class=\"elementor-widget-wrap elementor-element-populated\">\n\t\t\t\t\t\t<div class=\"elementor-element elementor-element-8931c65 elementor-widget elementor-widget-text-editor\" data-id=\"8931c65\" data-element_type=\"widget\" data-widget_type=\"text-editor.default\">\n\t\t\t\t<div class=\"elementor-widget-container\">\n\t\t\t\t\t\t\t<p><a href=\"https:\/\/i0.wp.com\/saint-remy-chevreuse-tt.fr\/wp-content\/uploads\/2021\/07\/Logo-SRCTT-2021-Final-2.jpg\"><img decoding=\"async\" data-attachment-id=\"2585\" data-permalink=\"https:\/\/saint-remy-chevreuse-tt.fr\/logo-srctt-2021-final-4\/\" data-orig-file=\"https:\/\/i0.wp.com\/saint-remy-chevreuse-tt.fr\/wp-content\/uploads\/2021\/07\/Logo-SRCTT-2021-Final-2.jpg?fit=1063%2C1256&amp;ssl=1\" data-orig-size=\"1063,1256\" data-comments-opened=\"0\" data-image-meta=\"{&quot;aperture&quot;:&quot;0&quot;,&quot;credit&quot;:&quot;Marc&quot;,&quot;camera&quot;:&quot;&quot;,&quot;caption&quot;:&quot;&quot;,&quot;created_timestamp&quot;:&quot;1622246029&quot;,&quot;copyright&quot;:&quot;&quot;,&quot;focal_length&quot;:&quot;0&quot;,&quot;iso&quot;:&quot;0&quot;,&quot;shutter_speed&quot;:&quot;0&quot;,&quot;title&quot;:&quot;&quot;,&quot;orientation&quot;:&quot;0&quot;}\" data-image-title=\"Logo SRCTT 2021 Final\" data-image-description=\"\" data-image-caption=\"\" data-medium-file=\"https:\/\/i0.wp.com\/saint-remy-chevreuse-tt.fr\/wp-content\/uploads\/2021\/07\/Logo-SRCTT-2021-Final-2.jpg?fit=254%2C300&amp;ssl=1\" data-large-file=\"https:\/\/i0.wp.com\/saint-remy-chevreuse-tt.fr\/wp-content\/uploads\/2021\/07\/Logo-SRCTT-2021-Final-2.jpg?fit=654%2C772&amp;ssl=1\" tabindex=\"0\" role=\"button\" data-recalc-dims=\"1\" class=\"alignleft wp-image-2585 size-thumbnail\" src=\"https:\/\/i0.wp.com\/saint-remy-chevreuse-tt.fr\/wp-content\/uploads\/2021\/07\/Logo-SRCTT-2021-Final-2.jpg?resize=150%2C150\" alt=\"\" width=\"150\" height=\"150\" srcset=\"https:\/\/i0.wp.com\/saint-remy-chevreuse-tt.fr\/wp-content\/uploads\/2021\/07\/Logo-SRCTT-2021-Final-2.jpg?resize=150%2C150&amp;ssl=1 150w, https:\/\/i0.wp.com\/saint-remy-chevreuse-tt.fr\/wp-content\/uploads\/2021\/07\/Logo-SRCTT-2021-Final-2.jpg?resize=1%2C1&amp;ssl=1 1w, https:\/\/i0.wp.com\/saint-remy-chevreuse-tt.fr\/wp-content\/uploads\/2021\/07\/Logo-SRCTT-2021-Final-2.jpg?zoom=2&amp;resize=150%2C150 300w, https:\/\/i0.wp.com\/saint-remy-chevreuse-tt.fr\/wp-content\/uploads\/2021\/07\/Logo-SRCTT-2021-Final-2.jpg?zoom=3&amp;resize=150%2C150 450w\" sizes=\"(max-width: 150px) 100vw, 150px\" \/><\/a><\/p>\t\t\t\t\t\t<\/div>\n\t\t\t\t<\/div>\n\t\t\t\t\t<\/div>\n\t\t<\/div>\n\t\t\t\t\t<\/div>\n\t\t<\/section>\n\t\t\t\t<section class=\"elementor-section elementor-top-section elementor-element elementor-element-14f2467 elementor-section-boxed elementor-section-height-default elementor-section-height-default\" data-id=\"14f2467\" data-element_type=\"section\">\n\t\t\t\t\t\t<div class=\"elementor-container elementor-column-gap-default\">\n\t\t\t\t\t<div class=\"elementor-column elementor-col-100 elementor-top-column elementor-element elementor-element-48620a5\" data-id=\"48620a5\" data-element_type=\"column\">\n\t\t\t<div class=\"elementor-widget-wrap elementor-element-populated\">\n\t\t\t\t\t\t<div class=\"elementor-element elementor-element-dc07d15 elementor-widget elementor-widget-text-editor\" data-id=\"dc07d15\" data-element_type=\"widget\" data-widget_type=\"text-editor.default\">\n\t\t\t\t<div class=\"elementor-widget-container\">\n\t\t\t\t\t\t\t<h4>Le club <span style=\"color: #0000ff;\"><strong>SAINT-REMY TENNIS DE TABLE<\/strong><\/span> est une association loi 1901 situ\u00e9e \u00e0 <br \/>Saint-R\u00e9my-l\u00e8s-Chevreuse dans les Yvelines (78).<\/h4><p>L\u2019activit\u00e9 pongiste se pratique au gymnase C3R rue des \u00e9coles.<br \/>Les entrainements sont assur\u00e9s par un entraineur dipl\u00f4m\u00e9 d&rsquo;\u00e9tat (DEJEPS).<br \/>le club a \u00e9t\u00e9 fond\u00e9 par <span style=\"color: #000000;\"><strong>Pierre VAILLAGOU<\/strong><\/span> le pr\u00e9sident d&rsquo;honneur, le <strong><span style=\"color: #000000;\">1er juin 1977<\/span><\/strong>.<\/p><p>Le club compte en moyenne <strong><span style=\"color: #000000;\">140 licences f\u00e9d\u00e9rales <\/span><\/strong><span style=\"color: #000000;\">dont <\/span><strong><span style=\"color: #0000ff;\">70 comp\u00e9titeurs et 70 loisirs<\/span> auquel s&rsquo;ajoute <span style=\"color: #0000ff;\">150 licences \u00e9v\u00e9nementielles<\/span> et <span style=\"color: #0000ff;\">8 ext\u00e9rieurs<\/span>.<\/strong><br \/>Les <strong><span style=\"color: #0000ff;\">20 tables<\/span><\/strong> permettent d&rsquo;accueillir un grand nombre de pongistes en m\u00eame temps lors des entrainements et des comp\u00e9titions.<\/p><p>Le club met souvent en place des \u00e9v\u00e8nements conviviaux durant l\u2019ann\u00e9e afin de partager autre chose que du tennis de table.<\/p><p>Des stages durant les vacances scolaires sont programm\u00e9s. Ces stages permettent de se perfectionner et de travailler beaucoup plus la technique par petits groupes.<\/p>\t\t\t\t\t\t<\/div>\n\t\t\t\t<\/div>\n\t\t\t\t\t<\/div>\n\t\t<\/div>\n\t\t\t\t\t<\/div>\n\t\t<\/section>\n\t\t\t\t<\/div>\n\t\t","protected":false},"excerpt":{"rendered":"<p>Pour information: Fiche du Club 2021-2022 Bienvenue sur le site de Saint-R\u00e9my-Chevreuse TT.Pierre Vaillagou (Pr\u00e9sident d&rsquo;honneur) Le club SAINT-REMY TENNIS DE TABLE est une association loi 1901 situ\u00e9e \u00e0 Saint-R\u00e9my-l\u00e8s-Chevreuse dans les Yvelines (78). L\u2019activit\u00e9 pongiste se pratique au gymnase C3R rue des \u00e9coles.Les entrainements sont assur\u00e9s par un entraineur dipl\u00f4m\u00e9 d&rsquo;\u00e9tat (DEJEPS).le club a [&hellip;]<\/p>\n","protected":false},"author":1,"featured_media":0,"parent":0,"menu_order":0,"comment_status":"closed","ping_status":"closed","template":"","meta":{"footnotes":""},"class_list":["post-396","page","type-page","status-publish","hentry"],"aioseo_notices":[],"jetpack_sharing_enabled":true,"jetpack_shortlink":"https:\/\/wp.me\/P9Eq5I-6o","jetpack_likes_enabled":false,"jetpack-related-posts":[],"post_mailing_queue_ids":[],"_links":{"self":[{"href":"https:\/\/saint-remy-chevreuse-tt.fr\/index.php\/wp-json\/wp\/v2\/pages\/396"}],"collection":[{"href":"https:\/\/saint-remy-chevreuse-tt.fr\/index.php\/wp-json\/wp\/v2\/pages"}],"about":[{"href":"https:\/\/saint-remy-chevreuse-tt.fr\/index.php\/wp-json\/wp\/v2\/types\/page"}],"author":[{"embeddable":true,"href":"https:\/\/saint-remy-chevreuse-tt.fr\/index.php\/wp-json\/wp\/v2\/users\/1"}],"replies":[{"embeddable":true,"href":"https:\/\/saint-remy-chevreuse-tt.fr\/index.php\/wp-json\/wp\/v2\/comments?post=396"}],"version-history":[{"count":28,"href":"https:\/\/saint-remy-chevreuse-tt.fr\/index.php\/wp-json\/wp\/v2\/pages\/396\/revisions"}],"predecessor-version":[{"id":2611,"href":"https:\/\/saint-remy-chevreuse-tt.fr\/index.php\/wp-json\/wp\/v2\/pages\/396\/revisions\/2611"}],"wp:attachment":[{"href":"https:\/\/saint-remy-chevreuse-tt.fr\/index.php\/wp-json\/wp\/v2\/media?parent=396"}],"curies":[{"name":"wp","href":"https:\/\/api.w.org\/{rel}","templated":true}]}}