{"id":408,"date":"2018-02-13T23:54:37","date_gmt":"2018-02-13T22:54:37","guid":{"rendered":"http:\/\/saint-remy-chevreuse-tt.fr\/?page_id=408"},"modified":"2018-02-18T15:27:11","modified_gmt":"2018-02-18T14:27:11","slug":"licences","status":"publish","type":"page","link":"https:\/\/saint-remy-chevreuse-tt.fr\/index.php\/licences\/","title":{"rendered":"Licences"},"content":{"rendered":"\t\t<div data-elementor-type=\"wp-post\" data-elementor-id=\"408\" class=\"elementor elementor-408 elementor-bc-flex-widget\">\n\t\t\t\t\t\t<section class=\"elementor-section elementor-top-section elementor-element elementor-element-22883330 elementor-section-boxed elementor-section-height-default elementor-section-height-default\" data-id=\"22883330\" data-element_type=\"section\">\n\t\t\t\t\t\t<div class=\"elementor-container elementor-column-gap-default\">\n\t\t\t\t\t<div class=\"elementor-column elementor-col-100 elementor-top-column elementor-element elementor-element-5c9a815\" data-id=\"5c9a815\" data-element_type=\"column\">\n\t\t\t<div class=\"elementor-widget-wrap elementor-element-populated\">\n\t\t\t\t\t\t<div class=\"elementor-element elementor-element-5b1e25c9 elementor-widget elementor-widget-text-editor\" data-id=\"5b1e25c9\" data-element_type=\"widget\" data-widget_type=\"text-editor.default\">\n\t\t\t\t<div class=\"elementor-widget-container\">\n\t\t\t\t\t\t\t<div><strong><span style=\"color: #0000ff;\">Licence traditionnelle (attach\u00e9e \u00e0 une association)<\/span><\/strong><\/div><div>La licence traditionnelle est obligatoire pour tous ceux qui veulent disputer des<\/div><div>comp\u00e9titions dont la liste est arr\u00eat\u00e9e par la F\u00e9d\u00e9ration, la ligue et le comit\u00e9 d\u00e9partemental. Elle concerne \u00e9galement tous les dirigeants et cadres d\u00e9sign\u00e9s ci-apr\u00e8s :<\/div><div>&#8211; pr\u00e9sident, secr\u00e9taire, tr\u00e9sorier \u00e9lus des associations ;<\/div><div>&#8211; membres des comit\u00e9s directeurs de comit\u00e9s, des ligues et de la F\u00e9d\u00e9ration ;<\/div><div>-arbitres et juges<\/div><div>-arbitres en activit\u00e9 ;<\/div><div>-cadres techniques f\u00e9d\u00e9raux et d\u2019Etat ;<\/div><div class=\"canvasWrapper\">-cadres titulaires des brevets f\u00e9d\u00e9raux des certificats de qualification et des dipl\u00f4mes d\u2019Etat<\/div><div>professionnels.<\/div><div>\u00a0<\/div><div><span style=\"color: #0000ff;\"><strong>Licence promotionnelle (attach\u00e9e \u00e0 une association)<\/strong><\/span><\/div><div>La licence promotionnelle concerne tous ceux qui pratiquent en loisir ; elle permet de participer aux<\/div><div><p>comp\u00e9titions promotionnelles d\u00e9finies par la ligue ou le comit\u00e9 d\u00e9partemental autres que celles <br \/>pour lesquelles la licence traditionnelle est obligatoire.<\/p><\/div><div>Une personne titulaire d\u2019une licence promotionnelle peut participer \u00e0 une comp\u00e9tition r\u00e9serv\u00e9e aux<\/div><div>titulaires d\u2019une licence traditionnelle si l\u2019une des conditions suivantes est remplie :<\/div><div>-elle n\u2019\u00e9tait pas licenci\u00e9e la saison pr\u00e9c\u00e9dente ;<\/div><div>-elle a renouvel\u00e9 sa licence au titre de la m\u00eame association ;<\/div><div>-elle poss\u00e9dait une licence promotionnelle dans une autre association la saison pr\u00e9c\u00e9dente.<\/div><div>Dans ces trois cas, la licence est alors imm\u00e9diatement requalifi\u00e9e en licence traditionnelle.<\/div><div>Pour une personne titulaire d\u2019une licence promotionnelle et qui poss\u00e9dait une licence traditionnelle dans<\/div><div>une autre association lors de la saison en cours ou lors de la saison pr\u00e9c\u00e9dente, sa participation \u00e0 une<\/div><div>comp\u00e9tition r\u00e9serv\u00e9e aux titulaires d\u2019une licence traditionnelle n\u00e9cessite une mutation exceptionnelle.<\/div><p>\u00a0<\/p>\t\t\t\t\t\t<\/div>\n\t\t\t\t<\/div>\n\t\t\t\t\t<\/div>\n\t\t<\/div>\n\t\t\t\t\t<\/div>\n\t\t<\/section>\n\t\t\t\t<\/div>\n\t\t","protected":false},"excerpt":{"rendered":"<p>Licence traditionnelle (attach\u00e9e \u00e0 une association)La licence traditionnelle est obligatoire pour tous ceux qui veulent disputer descomp\u00e9titions dont la liste est arr\u00eat\u00e9e par la F\u00e9d\u00e9ration, la ligue et le comit\u00e9 d\u00e9partemental. Elle concerne \u00e9galement tous les dirigeants et cadres d\u00e9sign\u00e9s ci-apr\u00e8s :- pr\u00e9sident, secr\u00e9taire, tr\u00e9sorier \u00e9lus des associations ;- membres des comit\u00e9s directeurs de comit\u00e9s, [&hellip;]<\/p>\n","protected":false},"author":1,"featured_media":0,"parent":0,"menu_order":0,"comment_status":"closed","ping_status":"closed","template":"","meta":{"footnotes":""},"class_list":["post-408","page","type-page","status-publish","hentry"],"aioseo_notices":[],"jetpack_sharing_enabled":true,"jetpack_shortlink":"https:\/\/wp.me\/P9Eq5I-6A","jetpack_likes_enabled":false,"jetpack-related-posts":[],"post_mailing_queue_ids":[],"_links":{"self":[{"href":"https:\/\/saint-remy-chevreuse-tt.fr\/index.php\/wp-json\/wp\/v2\/pages\/408"}],"collection":[{"href":"https:\/\/saint-remy-chevreuse-tt.fr\/index.php\/wp-json\/wp\/v2\/pages"}],"about":[{"href":"https:\/\/saint-remy-chevreuse-tt.fr\/index.php\/wp-json\/wp\/v2\/types\/page"}],"author":[{"embeddable":true,"href":"https:\/\/saint-remy-chevreuse-tt.fr\/index.php\/wp-json\/wp\/v2\/users\/1"}],"replies":[{"embeddable":true,"href":"https:\/\/saint-remy-chevreuse-tt.fr\/index.php\/wp-json\/wp\/v2\/comments?post=408"}],"version-history":[{"count":3,"href":"https:\/\/saint-remy-chevreuse-tt.fr\/index.php\/wp-json\/wp\/v2\/pages\/408\/revisions"}],"predecessor-version":[{"id":412,"href":"https:\/\/saint-remy-chevreuse-tt.fr\/index.php\/wp-json\/wp\/v2\/pages\/408\/revisions\/412"}],"wp:attachment":[{"href":"https:\/\/saint-remy-chevreuse-tt.fr\/index.php\/wp-json\/wp\/v2\/media?parent=408"}],"curies":[{"name":"wp","href":"https:\/\/api.w.org\/{rel}","templated":true}]}}