{"id":657,"date":"2018-02-18T14:51:47","date_gmt":"2018-02-18T13:51:47","guid":{"rendered":"http:\/\/saint-remy-chevreuse-tt.fr\/?page_id=657"},"modified":"2018-02-18T15:44:32","modified_gmt":"2018-02-18T14:44:32","slug":"mentions-legales","status":"publish","type":"page","link":"https:\/\/saint-remy-chevreuse-tt.fr\/index.php\/mentions-legales\/","title":{"rendered":"Mentions L\u00e9gales"},"content":{"rendered":"<div class=\"entry-content\">\n<h4>Informations pour ce site :<\/h4>\n<p>Adresse : <a href=\"http:\/\/saint-remy-chevreuse-tt.fr\" rel=\"nofollow\">http:\/\/saint-remy-chevreuse-tt.fr<\/a><br \/>\nTitre : Saint-R\u00e9my Chevreuse TT<br \/>\nCe site a \u00e9t\u00e9 cr\u00e9\u00e9 le 20\/02\/2018<\/p>\n<p>\u2022 Saint-R\u00e9my Tennis de Table, Association loi 1901 constitu\u00e9e\u00a0le 1er juin 1977<br \/>\n\u2022 Num\u00e9ro de d\u00e9p\u00f4t:\u00a0D\u00e9clar\u00e9e \u00e0 la Sous-Pr\u00e9fecture de\u00a0 Rambouillet sous le num\u00e9ro 7955<br \/>\n\u2022 Agr\u00e9\u00e9e MJS sous le num\u00e9ro APS 78-1187<br \/>\n\u2022 Affili\u00e9e \u00e0 la FFTT sous le num\u00e9ro 08 78 06 74<br \/>\n\u2022 Si\u00e8ge Social\u00a0: 3 route de Limours \u2013 78470 Saint-R\u00e9my les Chevreuse<br \/>\n\u2022 T\u00e9l\u00e9phone\u00a0:\u00a0+33 9 52 75 46 46<br \/>\n\u2022 Mail: pierre.vaillagou@gmail.com<br \/>\n\u2022 Directeur de la publication\u00a0: Pierre Vaillagou<\/p>\n<ol>\n<li><span class=\"m_6698521645186529758m_7219608847300589728texte_couleur\">Conception ergonomique &amp; \u00a0graphique : Marc Villeroy<br \/>\n<\/span><\/li>\n<li><span class=\"m_6698521645186529758m_7219608847300589728texte_couleur\">R\u00e9alisation technique : <\/span>\n<ol>\n<li><span class=\"m_6698521645186529758m_7219608847300589728texte_couleur\">Architecture : Marc Villeroy<br \/>\n<\/span><\/li>\n<li><span class=\"m_6698521645186529758m_7219608847300589728texte_couleur\">Cr\u00e9dits photos &amp; video :\u00a0Marc Villeroy<\/span><\/li>\n<\/ol>\n<\/li>\n<\/ol>\n<h3><span style=\"font-size: 14pt;\">H\u00c9BERGEMENT DU SERVEUR<\/span><\/h3>\n<address>Soci\u00e9t\u00e9 OVH<br \/>\n2 rue Kellermann<br \/>\n59100 Roubaix, FRANCE<br \/>\n+33 9 72 10 10 07\u00a0<small>Prix d\u2019un appel vers un poste fixe en France<\/small><br \/>\nSite Web:\u00a0<a href=\"http:\/\/www.ovh.com\/\" target=\"_blank\" rel=\"noopener\">www.ovh.com<\/a><\/address>\n<\/div>\n<address>\u00a0<\/address>\n","protected":false},"excerpt":{"rendered":"<p>Informations pour ce site : Adresse : http:\/\/saint-remy-chevreuse-tt.fr Titre : Saint-R\u00e9my Chevreuse TT Ce site a \u00e9t\u00e9 cr\u00e9\u00e9 le 20\/02\/2018 \u2022 Saint-R\u00e9my Tennis de Table, Association loi 1901 constitu\u00e9e\u00a0le 1er juin 1977 \u2022 Num\u00e9ro de d\u00e9p\u00f4t:\u00a0D\u00e9clar\u00e9e \u00e0 la Sous-Pr\u00e9fecture de\u00a0 Rambouillet sous le num\u00e9ro 7955 \u2022 Agr\u00e9\u00e9e MJS sous le num\u00e9ro APS 78-1187 \u2022 Affili\u00e9e [&hellip;]<\/p>\n","protected":false},"author":1,"featured_media":0,"parent":0,"menu_order":0,"comment_status":"closed","ping_status":"closed","template":"","meta":{"footnotes":""},"class_list":["post-657","page","type-page","status-publish","hentry"],"aioseo_notices":[],"jetpack_sharing_enabled":true,"jetpack_shortlink":"https:\/\/wp.me\/P9Eq5I-aB","jetpack_likes_enabled":false,"jetpack-related-posts":[],"post_mailing_queue_ids":[],"_links":{"self":[{"href":"https:\/\/saint-remy-chevreuse-tt.fr\/index.php\/wp-json\/wp\/v2\/pages\/657"}],"collection":[{"href":"https:\/\/saint-remy-chevreuse-tt.fr\/index.php\/wp-json\/wp\/v2\/pages"}],"about":[{"href":"https:\/\/saint-remy-chevreuse-tt.fr\/index.php\/wp-json\/wp\/v2\/types\/page"}],"author":[{"embeddable":true,"href":"https:\/\/saint-remy-chevreuse-tt.fr\/index.php\/wp-json\/wp\/v2\/users\/1"}],"replies":[{"embeddable":true,"href":"https:\/\/saint-remy-chevreuse-tt.fr\/index.php\/wp-json\/wp\/v2\/comments?post=657"}],"version-history":[{"count":9,"href":"https:\/\/saint-remy-chevreuse-tt.fr\/index.php\/wp-json\/wp\/v2\/pages\/657\/revisions"}],"predecessor-version":[{"id":666,"href":"https:\/\/saint-remy-chevreuse-tt.fr\/index.php\/wp-json\/wp\/v2\/pages\/657\/revisions\/666"}],"wp:attachment":[{"href":"https:\/\/saint-remy-chevreuse-tt.fr\/index.php\/wp-json\/wp\/v2\/media?parent=657"}],"curies":[{"name":"wp","href":"https:\/\/api.w.org\/{rel}","templated":true}]}}