{"id":713,"date":"2018-02-19T00:11:02","date_gmt":"2018-02-18T23:11:02","guid":{"rendered":"http:\/\/saint-remy-chevreuse-tt.fr\/?page_id=713"},"modified":"2018-02-19T00:11:02","modified_gmt":"2018-02-18T23:11:02","slug":"histo-backup","status":"publish","type":"page","link":"https:\/\/saint-remy-chevreuse-tt.fr\/index.php\/histo-backup\/","title":{"rendered":"Histo Backup"},"content":{"rendered":"<p>Le 1er juin 1977, <strong>Pierre VAILLAGOU<\/strong> cr\u00e9e une section Tennis de Table au sein du SRAC, association multisports de Saint-R\u00e9my-l\u00e8s-Chevreuse.<\/p>\n<p>La section, appel\u00e9e Saint-R\u00e9my AC TT, s&rsquo;affilie le 1er juillet 1977 \u00e0 la FFTT (n\u00b0 12780674).<br \/>\nD\u00e8s la saison 1977-1978, elle compte 89 adh\u00e9rents, dont 26 licenci\u00e9s comp\u00e9tition.<br \/>\nElle participe aux \u00e9preuves d\u00e9partementales et, pour envisager l&rsquo;avenir, initie les jeunes des \u00e9coles primaires de la commune.<\/p>\n<p>Pour permettre aux jeunes du club, issus du primaire, d&rsquo;aborder la comp\u00e9tition, elle s&rsquo;affilie pour une saison, \u00e0 la FSCF (n\u00b059.79), en 1978-1979.<br \/>\nLa fr\u00e9quentation \u00e9tant importante et les r\u00e9sultats tr\u00e8s encourageants, des plages horaires suppl\u00e9mentaires sont accord\u00e9es \u00e0 la section.<\/p>\n<p>Jusqu&rsquo;en 2007, l&rsquo;effectif de la section comprend en moyenne 150 adh\u00e9rents par saison sportive, dont environ 15% de f\u00e9minines et 60% de jeunes.<br \/>\n26 titres (dont 3 r\u00e9gionaux), 40 m\u00e9dailles d&rsquo;or (dont 1 nationale) et 255 podiums ont r\u00e9compens\u00e9 les pongistes Saint-r\u00e9mois engag\u00e9s dans des \u00e9preuves officielles.<\/p>\n<p>De nombreux jeunes sont s\u00e9lectionn\u00e9s dans les \u00e9quipes des Yvelines pour diverses comp\u00e9titions dont les Interd\u00e9partementaux.<br \/>\nLe label national est attribu\u00e9 2 saisons de suite \u00e0 la section.<\/p>\n<p>En 2007, la section devient ind\u00e9pendante et des statuts sont r\u00e9dig\u00e9s. Elle s&rsquo;appelle Saint-R\u00e9my Tennis de Table.<br \/>\nDepuis, le nombre d&rsquo;adh\u00e9rents se situe en moyenne \u00e0 180.<\/p>\n<p>Une section handisport est cr\u00e9\u00e9e en 2010-2011 et l&rsquo;association s&rsquo;affilie \u00e0 la FFH (n\u00b0100782500).<\/p>\n<p>De 2007 \u00e0 ce jour, 4 titres, 6 m\u00e9dailles d&rsquo;or et 37 podiums (dont 1 handisport) ont \u00e9t\u00e9 comptabilis\u00e9s<\/p>\n","protected":false},"excerpt":{"rendered":"<p>Le 1er juin 1977, Pierre VAILLAGOU cr\u00e9e une section Tennis de Table au sein du SRAC, association multisports de Saint-R\u00e9my-l\u00e8s-Chevreuse. La section, appel\u00e9e Saint-R\u00e9my AC TT, s&rsquo;affilie le 1er juillet 1977 \u00e0 la FFTT (n\u00b0 12780674). D\u00e8s la saison 1977-1978, elle compte 89 adh\u00e9rents, dont 26 licenci\u00e9s comp\u00e9tition. Elle participe aux \u00e9preuves d\u00e9partementales et, pour [&hellip;]<\/p>\n","protected":false},"author":1,"featured_media":0,"parent":0,"menu_order":0,"comment_status":"closed","ping_status":"closed","template":"","meta":{"footnotes":""},"class_list":["post-713","page","type-page","status-publish","hentry"],"aioseo_notices":[],"jetpack_sharing_enabled":true,"jetpack_shortlink":"https:\/\/wp.me\/P9Eq5I-bv","jetpack_likes_enabled":false,"jetpack-related-posts":[],"post_mailing_queue_ids":[],"_links":{"self":[{"href":"https:\/\/saint-remy-chevreuse-tt.fr\/index.php\/wp-json\/wp\/v2\/pages\/713"}],"collection":[{"href":"https:\/\/saint-remy-chevreuse-tt.fr\/index.php\/wp-json\/wp\/v2\/pages"}],"about":[{"href":"https:\/\/saint-remy-chevreuse-tt.fr\/index.php\/wp-json\/wp\/v2\/types\/page"}],"author":[{"embeddable":true,"href":"https:\/\/saint-remy-chevreuse-tt.fr\/index.php\/wp-json\/wp\/v2\/users\/1"}],"replies":[{"embeddable":true,"href":"https:\/\/saint-remy-chevreuse-tt.fr\/index.php\/wp-json\/wp\/v2\/comments?post=713"}],"version-history":[{"count":1,"href":"https:\/\/saint-remy-chevreuse-tt.fr\/index.php\/wp-json\/wp\/v2\/pages\/713\/revisions"}],"predecessor-version":[{"id":714,"href":"https:\/\/saint-remy-chevreuse-tt.fr\/index.php\/wp-json\/wp\/v2\/pages\/713\/revisions\/714"}],"wp:attachment":[{"href":"https:\/\/saint-remy-chevreuse-tt.fr\/index.php\/wp-json\/wp\/v2\/media?parent=713"}],"curies":[{"name":"wp","href":"https:\/\/api.w.org\/{rel}","templated":true}]}}