{"id":72,"date":"2018-02-09T22:43:11","date_gmt":"2018-02-09T21:43:11","guid":{"rendered":"http:\/\/saint-remy-chevreuse-tt.fr\/?page_id=72"},"modified":"2022-09-02T12:01:38","modified_gmt":"2022-09-02T10:01:38","slug":"coordonnees","status":"publish","type":"page","link":"https:\/\/saint-remy-chevreuse-tt.fr\/index.php\/coordonnees\/","title":{"rendered":"Coordonn\u00e9es"},"content":{"rendered":"\t\t<div data-elementor-type=\"wp-page\" data-elementor-id=\"72\" class=\"elementor elementor-72\">\n\t\t\t\t\t\t<section class=\"elementor-section elementor-top-section elementor-element elementor-element-67452756 elementor-section-boxed elementor-section-height-default elementor-section-height-default\" data-id=\"67452756\" data-element_type=\"section\">\n\t\t\t\t\t\t<div class=\"elementor-container elementor-column-gap-default\">\n\t\t\t\t\t<div class=\"elementor-column elementor-col-100 elementor-top-column elementor-element elementor-element-7e6905b\" data-id=\"7e6905b\" data-element_type=\"column\">\n\t\t\t<div class=\"elementor-widget-wrap elementor-element-populated\">\n\t\t\t\t\t\t<div class=\"elementor-element elementor-element-3fa70f14 elementor-widget elementor-widget-text-editor\" data-id=\"3fa70f14\" data-element_type=\"widget\" data-widget_type=\"text-editor.default\">\n\t\t\t\t<div class=\"elementor-widget-container\">\n\t\t\t\t\t\t\t<div id=\"cc-m-5199951550\" class=\"j-module n j-text \">\n<div class=\"structures-infos\">\n<div><div id=\"wpgmza_map\" class=\"wpgmza_map\" data-settings='{\"id\":\"1\",\"map_title\":\"My first map\",\"map_width\":\"100\",\"map_height\":\"400\",\"map_start_lat\":\"48.706538\",\"map_start_lng\":\"2.069075\",\"map_start_location\":\"48.706538,2.0690754037322634\",\"map_start_zoom\":\"17\",\"default_marker\":\"0\",\"type\":\"3\",\"alignment\":\"1\",\"directions_enabled\":\"1\",\"styling_enabled\":\"0\",\"styling_json\":\"\",\"active\":\"0\",\"kml\":\"\",\"bicycle\":\"0\",\"traffic\":\"0\",\"dbox\":\"1\",\"dbox_width\":\"100\",\"listmarkers\":\"0\",\"listmarkers_advanced\":\"0\",\"filterbycat\":\"0\",\"ugm_enabled\":\"0\",\"ugm_category_enabled\":\"0\",\"fusion\":\"\",\"map_width_type\":\"\\\\%\",\"map_height_type\":\"px\",\"mass_marker_support\":\"1\",\"ugm_access\":\"0\",\"order_markers_by\":\"1\",\"order_markers_choice\":\"2\",\"show_user_location\":\"0\",\"default_to\":\"\",\"other_settings\":{\"store_locator_enabled\":2,\"store_locator_distance\":2,\"store_locator_default_radius\":\"10\",\"store_locator_not_found_message\":\"No results found in this location. Please try again.\",\"store_locator_bounce\":1,\"store_locator_query_string\":\"Code Postal \\\/ Adresse\",\"store_locator_default_address\":\"\",\"wpgmza_store_locator_restrict\":\"\",\"map_max_zoom\":\"1\",\"transport_layer\":0,\"wpgmza_theme_data\":\"\",\"wpgmza_show_points_of_interest\":1}}' data-map-id='1' Data-maps-engine='' data-shortcode-attributes='{\"id\":\"1\"}' style=\"display:block; overflow:auto; width:100%; height:400px; float:left;\"><\/div><\/div>\n<div>\u00a0<\/div>\n<div>\u00a0<\/div>\n<h1 style=\"text-align: center;\">\u00a0_______________________<\/h1>\n<div class=\"plugin-title-small\">\u00a0<\/div>\n<\/div>\n<div class=\"structures-infos\">\n<div class=\"col-icon\"><img decoding=\"async\" data-recalc-dims=\"1\" class=\"alignleft\" src=\"https:\/\/i0.wp.com\/www.fftt.com\/site\/medias\/icons\/black\/raquette-36.png?w=654\" \/><\/div>\n<div class=\"col-description\">\n<div class=\"plugin-title-small\" style=\"padding-left: 60px;\"><span style=\"color: #0000ff;\"><strong>Salle du club<\/strong><\/span><\/div>\n<p style=\"padding-left: 60px;\">Complexe Sportif les Trois Rivi\u00e8res (C3R)<br \/>rue des Ecoles, 78470 Saint-R\u00e9my-l\u00e8s-Chevreuse<\/p>\n<\/div>\n<\/div>\n<div class=\"structures-infos\">\n<div class=\"col-icon\"><img decoding=\"async\" data-recalc-dims=\"1\" class=\"alignleft\" src=\"https:\/\/i0.wp.com\/www.fftt.com\/site\/medias\/icons\/black\/contacts-36.png?w=654\" \/><\/div>\n<div class=\"col-description\">\n<div class=\"plugin-title-small\" style=\"padding-left: 60px;\"><span style=\"color: #0000ff;\"><strong>Contacts<\/strong><\/span><\/div>\n<p><span style=\"color: #000000;\">Responsable Sportif :<\/span> <span style=\"color: #000000;\"><strong>Didier Thiery <br \/>\u00a0\u00a0\u00a0\u00a0\u00a0\u00a0\u00a0\u00a0\u00a0\u00a0\u00a0\u00a0\u00a0\u00a0\u00a0 <\/strong><\/span>E-Mail: <a href=\"mailto:didier.thiery@saint-remy-chevreuse-tt.fr\"><span style=\"color: #3366ff;\">Didier.thiery@saint-remy-chevreuse-tt.fr<\/span><\/a><\/p>\n<\/div>\n<\/div>\n<div class=\"structures-infos\">\n<div class=\"col-description\">\n<p style=\"padding-left: 60px;\"><span style=\"color: #000000;\">Pr\u00e9sident :<\/span> <span style=\"color: #000000;\"><strong>Marc Villeroy<\/strong><\/span><br \/>E-Mail: <span style=\"color: #3366ff;\"><a style=\"color: #3366ff;\" href=\"mailto:marc.villeroy@saint-remy-chevreuse-tt.fr\">Marc.villeroy@saint-remy-chevreuse-tt.fr<\/a><\/span><\/p>\n<\/div>\n<\/div>\n<\/div>\n<!-- wp:tadv\/classic-paragraph \/-->\t\t\t\t\t\t<\/div>\n\t\t\t\t<\/div>\n\t\t\t\t\t<\/div>\n\t\t<\/div>\n\t\t\t\t\t<\/div>\n\t\t<\/section>\n\t\t\t\t<\/div>\n\t\t","protected":false},"excerpt":{"rendered":"<p>\u00a0 \u00a0 \u00a0_______________________ \u00a0 Salle du club Complexe Sportif les Trois Rivi\u00e8res (C3R)rue des Ecoles, 78470 Saint-R\u00e9my-l\u00e8s-Chevreuse Contacts Responsable Sportif : Didier Thiery \u00a0\u00a0\u00a0\u00a0\u00a0\u00a0\u00a0\u00a0\u00a0\u00a0\u00a0\u00a0\u00a0\u00a0\u00a0 E-Mail: Didier.thiery@saint-remy-chevreuse-tt.fr Pr\u00e9sident : Marc VilleroyE-Mail: Marc.villeroy@saint-remy-chevreuse-tt.fr<\/p>\n","protected":false},"author":1,"featured_media":0,"parent":0,"menu_order":0,"comment_status":"closed","ping_status":"closed","template":"","meta":{"footnotes":""},"class_list":["post-72","page","type-page","status-publish","hentry"],"aioseo_notices":[],"jetpack_sharing_enabled":true,"jetpack_shortlink":"https:\/\/wp.me\/P9Eq5I-1a","jetpack_likes_enabled":false,"jetpack-related-posts":[],"post_mailing_queue_ids":[],"_links":{"self":[{"href":"https:\/\/saint-remy-chevreuse-tt.fr\/index.php\/wp-json\/wp\/v2\/pages\/72"}],"collection":[{"href":"https:\/\/saint-remy-chevreuse-tt.fr\/index.php\/wp-json\/wp\/v2\/pages"}],"about":[{"href":"https:\/\/saint-remy-chevreuse-tt.fr\/index.php\/wp-json\/wp\/v2\/types\/page"}],"author":[{"embeddable":true,"href":"https:\/\/saint-remy-chevreuse-tt.fr\/index.php\/wp-json\/wp\/v2\/users\/1"}],"replies":[{"embeddable":true,"href":"https:\/\/saint-remy-chevreuse-tt.fr\/index.php\/wp-json\/wp\/v2\/comments?post=72"}],"version-history":[{"count":20,"href":"https:\/\/saint-remy-chevreuse-tt.fr\/index.php\/wp-json\/wp\/v2\/pages\/72\/revisions"}],"predecessor-version":[{"id":2878,"href":"https:\/\/saint-remy-chevreuse-tt.fr\/index.php\/wp-json\/wp\/v2\/pages\/72\/revisions\/2878"}],"wp:attachment":[{"href":"https:\/\/saint-remy-chevreuse-tt.fr\/index.php\/wp-json\/wp\/v2\/media?parent=72"}],"curies":[{"name":"wp","href":"https:\/\/api.w.org\/{rel}","templated":true}]}}