{"id":802,"date":"2018-02-21T23:23:25","date_gmt":"2018-02-21T22:23:25","guid":{"rendered":"http:\/\/saint-remy-chevreuse-tt.fr\/?page_id=802"},"modified":"2018-02-21T23:23:25","modified_gmt":"2018-02-21T22:23:25","slug":"documents","status":"publish","type":"page","link":"https:\/\/saint-remy-chevreuse-tt.fr\/index.php\/documents\/","title":{"rendered":"Documents"},"content":{"rendered":"<p><span style=\"color: #000000;\"><strong>Quelques documents \u00e0 t\u00e9l\u00e9charger :<\/strong><\/span><\/p>\n<div class=\"gdm-authbtn gdm-browsebox\">\n<div><p><span class=\"gdm-drivefile-embed\"><img decoding=\"async\" src=\"https:\/\/drive-thirdparty.googleusercontent.com\/16\/type\/application\/pdf\" width=\"16\" height=\"16\" \/> <a href=\"https:\/\/drive.google.com\/file\/d\/1MUkSGHYP5HD0zI21ckoqPKCsD035r7Pc\/view?usp=drivesdk\" target=\"&quot;_blank&quot;\">R\u00e8glements G\u00e9n\u00e9raux FFTT 19 janvier 2018<\/a><\/span><\/p><p><span class=\"gdm-drivefile-embed\"><img decoding=\"async\" src=\"https:\/\/drive-thirdparty.googleusercontent.com\/16\/type\/application\/pdf\" width=\"16\" height=\"16\" \/> <a href=\"https:\/\/drive.google.com\/file\/d\/1pAvx214eKTNlShUKtRMyMikajbFE1Tij\/view?usp=drivesdk\" target=\"&quot;_blank&quot;\">R\u00e8glements Sportifs FFTT 6 f\u00e9vrier 2018<\/a><\/span><\/p><p><span class=\"gdm-drivefile-embed\"><img decoding=\"async\" src=\"https:\/\/drive-thirdparty.googleusercontent.com\/16\/type\/application\/pdf\" width=\"16\" height=\"16\" \/> <a href=\"https:\/\/drive.google.com\/file\/d\/1T_Yi9Zimd1b4Yl5ZRCKWr5imYkyridO6\/view?usp=drivesdk\" target=\"&quot;_blank&quot;\">Manuel de l&#039;arbitrage juillet 2017<\/a><\/span><\/p><p><span class=\"gdm-drivefile-embed\"><img decoding=\"async\" src=\"https:\/\/drive-thirdparty.googleusercontent.com\/16\/type\/application\/pdf\" width=\"16\" height=\"16\" \/> <a href=\"https:\/\/drive.google.com\/file\/d\/15W1WzZ3GLd09XCs59yLvcc6kIGqa2yOc\/view?usp=drivesdk\" target=\"&quot;_blank&quot;\">Manuel de l&#039;arbitre de Club juillet 2017<\/a><\/span><\/p><p><span class=\"gdm-drivefile-embed\"><img decoding=\"async\" src=\"https:\/\/drive-thirdparty.googleusercontent.com\/16\/type\/application\/pdf\" width=\"16\" height=\"16\" \/> <a href=\"https:\/\/drive.google.com\/file\/d\/1pg5XF7J-moHWo2Pg5B0-8rdTySOEZ9OU\/view?usp=drivesdk\" target=\"&quot;_blank&quot;\">Memo aide aux JA 2017-18<\/a><\/span><\/p><p><span class=\"gdm-drivefile-embed\"><img decoding=\"async\" src=\"https:\/\/drive-thirdparty.googleusercontent.com\/16\/type\/application\/pdf\" width=\"16\" height=\"16\" \/> <a href=\"https:\/\/drive.google.com\/file\/d\/171D2IgaG1Wrhc6biwGYtUJ7m_WFC6izJ\/view?usp=drivesdk\" target=\"&quot;_blank&quot;\">Liste des balles autoris\u00e9es 2017<\/a><\/span><\/p><\/div>\n<\/div>\n","protected":false},"excerpt":{"rendered":"<p>Quelques documents \u00e0 t\u00e9l\u00e9charger :<\/p>\n","protected":false},"author":1,"featured_media":0,"parent":0,"menu_order":0,"comment_status":"closed","ping_status":"closed","template":"","meta":{"footnotes":""},"class_list":["post-802","page","type-page","status-publish","hentry"],"aioseo_notices":[],"jetpack_sharing_enabled":true,"jetpack_shortlink":"https:\/\/wp.me\/P9Eq5I-cW","jetpack_likes_enabled":false,"jetpack-related-posts":[],"post_mailing_queue_ids":[],"_links":{"self":[{"href":"https:\/\/saint-remy-chevreuse-tt.fr\/index.php\/wp-json\/wp\/v2\/pages\/802"}],"collection":[{"href":"https:\/\/saint-remy-chevreuse-tt.fr\/index.php\/wp-json\/wp\/v2\/pages"}],"about":[{"href":"https:\/\/saint-remy-chevreuse-tt.fr\/index.php\/wp-json\/wp\/v2\/types\/page"}],"author":[{"embeddable":true,"href":"https:\/\/saint-remy-chevreuse-tt.fr\/index.php\/wp-json\/wp\/v2\/users\/1"}],"replies":[{"embeddable":true,"href":"https:\/\/saint-remy-chevreuse-tt.fr\/index.php\/wp-json\/wp\/v2\/comments?post=802"}],"version-history":[{"count":2,"href":"https:\/\/saint-remy-chevreuse-tt.fr\/index.php\/wp-json\/wp\/v2\/pages\/802\/revisions"}],"predecessor-version":[{"id":804,"href":"https:\/\/saint-remy-chevreuse-tt.fr\/index.php\/wp-json\/wp\/v2\/pages\/802\/revisions\/804"}],"wp:attachment":[{"href":"https:\/\/saint-remy-chevreuse-tt.fr\/index.php\/wp-json\/wp\/v2\/media?parent=802"}],"curies":[{"name":"wp","href":"https:\/\/api.w.org\/{rel}","templated":true}]}}